{"id":66,"date":"2025-12-18T11:26:17","date_gmt":"2025-12-18T11:26:17","guid":{"rendered":"https:\/\/globexsan.com\/?page_id=66"},"modified":"2026-03-03T09:35:46","modified_gmt":"2026-03-03T09:35:46","slug":"contacto","status":"publish","type":"page","link":"https:\/\/globexsan.com\/zh\/contacto\/","title":{"rendered":"\u8054\u7cfb"},"content":{"rendered":"\t\t<div data-elementor-type=\"wp-page\" data-elementor-id=\"66\" class=\"elementor elementor-66\" data-elementor-post-type=\"page\">\n\t\t\t\t<div class=\"elementor-element elementor-element-3e7ebf7 e-con-full e-flex e-con e-parent\" data-id=\"3e7ebf7\" data-element_type=\"container\" data-e-type=\"container\">\n\t\t\t\t<div class=\"elementor-element elementor-element-556a17f elementor--h-position-center elementor--v-position-middle elementor-widget elementor-widget-slides\" data-id=\"556a17f\" data-element_type=\"widget\" data-e-type=\"widget\" data-settings=\"{&quot;navigation&quot;:&quot;none&quot;,&quot;autoplay&quot;:&quot;yes&quot;,&quot;pause_on_hover&quot;:&quot;yes&quot;,&quot;pause_on_interaction&quot;:&quot;yes&quot;,&quot;autoplay_speed&quot;:5000,&quot;infinite&quot;:&quot;yes&quot;,&quot;transition&quot;:&quot;slide&quot;,&quot;transition_speed&quot;:500}\" data-widget_type=\"slides.default\">\n\t\t\t\t\t\t\t\t\t\t<div class=\"elementor-slides-wrapper elementor-main-swiper swiper\" role=\"region\" aria-roledescription=\"carousel\" aria-label=\"Diapositivas\" dir=\"ltr\" data-animation=\"\">\n\t\t\t\t<div class=\"swiper-wrapper elementor-slides\">\n\t\t\t\t\t\t\t\t\t\t<div class=\"elementor-repeater-item-589ca7c swiper-slide\" role=\"group\" aria-roledescription=\"slide\"><div class=\"swiper-slide-bg elementor-ken-burns elementor-ken-burns--in\" role=\"img\" aria-label=\"Contacto | Asesoramiento Personalizado\"><\/div><div class=\"elementor-background-overlay\"><\/div><div class=\"swiper-slide-inner\" ><div class=\"swiper-slide-contents\"><h1 class=\"elementor-slide-heading\">Contacte con Nosotros <\/h1><div class=\"elementor-slide-description\">Contacte con nosotros y cu\u00e9ntenos su proyecto. Le asesoraremos de forma personalizada para impulsar su actividad en los mercados internacionales con garant\u00edas.<\/div><\/div><\/div><\/div>\t\t\t\t<\/div>\n\t\t\t\t\t\t\t<\/div>\n\t\t\t\t\t\t\t\t<\/div>\n\t\t\t\t<\/div>\n\t\t<div class=\"elementor-element elementor-element-0f072e1 e-con-full e-flex e-con e-parent\" data-id=\"0f072e1\" data-element_type=\"container\" data-e-type=\"container\" data-settings=\"{&quot;background_background&quot;:&quot;classic&quot;}\">\n\t\t<div class=\"elementor-element elementor-element-fafde95 e-con-full e-flex elementor-invisible e-con e-child\" data-id=\"fafde95\" data-element_type=\"container\" data-e-type=\"container\" data-settings=\"{&quot;animation&quot;:&quot;fadeInLeft&quot;}\">\n\t\t\t\t<div class=\"elementor-element elementor-element-6215c8e elementor-widget elementor-widget-heading\" data-id=\"6215c8e\" data-element_type=\"widget\" data-e-type=\"widget\" data-widget_type=\"heading.default\">\n\t\t\t\t\t<h2 class=\"elementor-heading-title elementor-size-default\">Abra su negocio al mercado exterior<\/h2>\t\t\t\t<\/div>\n\t\t\t\t<div class=\"elementor-element elementor-element-dde5b9b elementor-widget-divider--view-line elementor-widget elementor-widget-divider\" data-id=\"dde5b9b\" data-element_type=\"widget\" data-e-type=\"widget\" data-widget_type=\"divider.default\">\n\t\t\t\t\t\t\t<div class=\"elementor-divider\">\n\t\t\t<span class=\"elementor-divider-separator\">\n\t\t\t\t\t\t<\/span>\n\t\t<\/div>\n\t\t\t\t\t\t<\/div>\n\t\t\t\t<div class=\"elementor-element elementor-element-1f2fdc3 elementor-widget__width-initial elementor-button-align-stretch elementor-widget elementor-widget-form\" data-id=\"1f2fdc3\" data-element_type=\"widget\" data-e-type=\"widget\" data-settings=\"{&quot;step_next_label&quot;:&quot;Siguiente&quot;,&quot;step_previous_label&quot;:&quot;Anterior&quot;,&quot;button_width&quot;:&quot;100&quot;,&quot;step_type&quot;:&quot;number_text&quot;,&quot;step_icon_shape&quot;:&quot;circle&quot;}\" data-widget_type=\"form.default\">\n\t\t\t\t\t\t\t<form class=\"elementor-form\" method=\"post\" name=\"Nuevo formulario\" aria-label=\"Nuevo formulario\">\n\t\t\t<input type=\"hidden\" name=\"post_id\" value=\"66\"\/>\n\t\t\t<input type=\"hidden\" name=\"form_id\" value=\"1f2fdc3\"\/>\n\t\t\t<input type=\"hidden\" name=\"referer_title\" value=\"Contacto | Asesoramiento Personalizado\" \/>\n\n\t\t\t\t\t\t\t<input type=\"hidden\" name=\"queried_id\" value=\"66\"\/>\n\t\t\t\n\t\t\t<div class=\"elementor-form-fields-wrapper elementor-labels-above\">\n\t\t\t\t\t\t\t\t<div class=\"elementor-field-type-text elementor-field-group elementor-column elementor-field-group-name elementor-col-100 elementor-field-required elementor-mark-required\">\n\t\t\t\t\t\t\t\t\t\t\t\t<label for=\"form-field-name\" class=\"elementor-field-label\">\n\t\t\t\t\t\t\t\tNombre\t\t\t\t\t\t\t<\/label>\n\t\t\t\t\t\t\t\t\t\t\t\t\t\t<input size=\"1\" type=\"text\" name=\"form_fields[name]\" id=\"form-field-name\" class=\"elementor-field elementor-size-sm  elementor-field-textual\" placeholder=\"Nombre\" required=\"required\">\n\t\t\t\t\t\t\t\t\t\t\t<\/div>\n\t\t\t\t\t\t\t\t<div class=\"elementor-field-type-text elementor-field-group elementor-column elementor-field-group-field_4ae343a elementor-col-100 elementor-field-required elementor-mark-required\">\n\t\t\t\t\t\t\t\t\t\t\t\t<label for=\"form-field-field_4ae343a\" class=\"elementor-field-label\">\n\t\t\t\t\t\t\t\tEmpresa\t\t\t\t\t\t\t<\/label>\n\t\t\t\t\t\t\t\t\t\t\t\t\t\t<input size=\"1\" type=\"text\" name=\"form_fields[field_4ae343a]\" id=\"form-field-field_4ae343a\" class=\"elementor-field elementor-size-sm  elementor-field-textual\" placeholder=\"Empresa\" required=\"required\">\n\t\t\t\t\t\t\t\t\t\t\t<\/div>\n\t\t\t\t\t\t\t\t<div class=\"elementor-field-type-email elementor-field-group elementor-column elementor-field-group-email elementor-col-100 elementor-field-required elementor-mark-required\">\n\t\t\t\t\t\t\t\t\t\t\t\t<label for=\"form-field-email\" class=\"elementor-field-label\">\n\t\t\t\t\t\t\t\tCorreo electr\u00f3nico\t\t\t\t\t\t\t<\/label>\n\t\t\t\t\t\t\t\t\t\t\t\t\t\t<input size=\"1\" type=\"email\" name=\"form_fields[email]\" id=\"form-field-email\" class=\"elementor-field elementor-size-sm  elementor-field-textual\" placeholder=\"Correo electr\u00f3nico\" required=\"required\">\n\t\t\t\t\t\t\t\t\t\t\t<\/div>\n\t\t\t\t\t\t\t\t<div class=\"elementor-field-type-text\">\n\t\t\t\t\t<input size=\"1\" type=\"text\" name=\"form_fields[field_925a0e7]\" id=\"form-field-field_925a0e7\" class=\"elementor-field elementor-size-sm \" style=\"display:none !important;\">\t\t\t\t<\/div>\n\t\t\t\t\t\t\t\t<div class=\"elementor-field-type-tel elementor-field-group elementor-column elementor-field-group-field_3ac8a6a elementor-col-100 elementor-field-required elementor-mark-required\">\n\t\t\t\t\t\t\t\t\t\t\t\t<label for=\"form-field-field_3ac8a6a\" class=\"elementor-field-label\">\n\t\t\t\t\t\t\t\tTel\u00e9fono\t\t\t\t\t\t\t<\/label>\n\t\t\t\t\t\t\t\t<input size=\"1\" type=\"tel\" name=\"form_fields[field_3ac8a6a]\" id=\"form-field-field_3ac8a6a\" class=\"elementor-field elementor-size-sm  elementor-field-textual\" placeholder=\"Tel\u00e9fono\" required=\"required\" pattern=\"[0-9()#&amp;+*-=.]+\" title=\"Solo se aceptan n\u00fameros y caracteres de tel\u00e9fono (#,-,*,etc).\">\n\n\t\t\t\t\t\t<\/div>\n\t\t\t\t\t\t\t\t<div class=\"elementor-field-type-textarea elementor-field-group elementor-column elementor-field-group-message elementor-col-100 elementor-field-required elementor-mark-required\">\n\t\t\t\t\t\t\t\t\t\t\t\t<label for=\"form-field-message\" class=\"elementor-field-label\">\n\t\t\t\t\t\t\t\tMensaje\t\t\t\t\t\t\t<\/label>\n\t\t\t\t\t\t<textarea class=\"elementor-field-textual elementor-field  elementor-size-sm\" name=\"form_fields[message]\" id=\"form-field-message\" rows=\"4\" placeholder=\"Mensaje\" required=\"required\"><\/textarea>\t\t\t\t<\/div>\n\t\t\t\t\t\t\t\t<div class=\"elementor-field-type-acceptance elementor-field-group elementor-column elementor-field-group-field_be533f3 elementor-col-100 elementor-field-required elementor-mark-required\">\n\t\t\t\t\t\t\t<div class=\"elementor-field-subgroup\">\n\t\t\t<span class=\"elementor-field-option\">\n\t\t\t\t<input type=\"checkbox\" name=\"form_fields[field_be533f3]\" id=\"form-field-field_be533f3\" class=\"elementor-field elementor-size-sm  elementor-acceptance-field\" required=\"required\">\n\t\t\t\t<label for=\"form-field-field_be533f3\">He le\u00eddo y acepto el \n<a href=\"\/aviso-legal\/\" target=\"_blank\" style=\"color:#08007A;\">\nAviso legal.\n<\/a><\/label>\t\t\t<\/span>\n\t\t<\/div>\n\t\t\t\t\t\t<\/div>\n\t\t\t\t\t\t\t\t<div class=\"elementor-field-type-acceptance elementor-field-group elementor-column elementor-field-group-field_4f2366a elementor-col-100 elementor-field-required elementor-mark-required\">\n\t\t\t\t\t\t\t<div class=\"elementor-field-subgroup\">\n\t\t\t<span class=\"elementor-field-option\">\n\t\t\t\t<input type=\"checkbox\" name=\"form_fields[field_4f2366a]\" id=\"form-field-field_4f2366a\" class=\"elementor-field elementor-size-sm  elementor-acceptance-field\" required=\"required\">\n\t\t\t\t<label for=\"form-field-field_4f2366a\">He le\u00eddo y acepto la \n<a href=\"\/politica-de-privacidad\/\" target=\"_blank\" style=\"color:#08007A;\">\nPol\u00edtica de privacidad.\n<\/a><\/label>\t\t\t<\/span>\n\t\t<\/div>\n\t\t\t\t\t\t<\/div>\n\t\t\t\t\t\t\t\t<div class=\"elementor-field-type-acceptance elementor-field-group elementor-column elementor-field-group-field_2eb6e94 elementor-col-100 elementor-field-required elementor-mark-required\">\n\t\t\t\t\t\t\t<div class=\"elementor-field-subgroup\">\n\t\t\t<span class=\"elementor-field-option\">\n\t\t\t\t<input type=\"checkbox\" name=\"form_fields[field_2eb6e94]\" id=\"form-field-field_2eb6e94\" class=\"elementor-field elementor-size-sm  elementor-acceptance-field\" required=\"required\">\n\t\t\t\t<label for=\"form-field-field_2eb6e94\">He le\u00eddo y acepto la \n<a href=\"\/politica-de-cookies\/\" target=\"_blank\" style=\"color:#08007A;\">\nPol\u00edtica de cookies.\n<\/a><\/label>\t\t\t<\/span>\n\t\t<\/div>\n\t\t\t\t\t\t<\/div>\n\t\t\t\t\t\t\t\t<div class=\"elementor-field-type-text\">\n\t\t\t\t\t<input size=\"1\" type=\"text\" name=\"form_fields[field_7677557]\" id=\"form-field-field_7677557\" class=\"elementor-field elementor-size-sm \" style=\"display:none !important;\">\t\t\t\t<\/div>\n\t\t\t\t\t\t\t\t<div class=\"elementor-field-type-recaptcha_v3 elementor-field-group elementor-column elementor-field-group-field_3448c45 elementor-col-100 recaptcha_v3-inline\">\n\t\t\t\t\t<div class=\"elementor-field\" id=\"form-field-field_3448c45\"><div class=\"elementor-g-recaptcha\" data-sitekey=\"6LdoKQQsAAAAAAlR9o6u2gbJBH7iSyGQM4GqBixz\" data-type=\"v3\" data-action=\"Form\" data-badge=\"inline\" data-size=\"invisible\"><\/div><\/div>\t\t\t\t<\/div>\n\t\t\t\t\t\t\t\t<div class=\"elementor-field-group elementor-column elementor-field-type-submit elementor-col-100 e-form__buttons\">\n\t\t\t\t\t<button class=\"elementor-button elementor-size-sm\" type=\"submit\">\n\t\t\t\t\t\t<span class=\"elementor-button-content-wrapper\">\n\t\t\t\t\t\t\t\t\t\t\t\t\t\t\t\t\t\t\t\t\t\t<span class=\"elementor-button-text\">Enviar<\/span>\n\t\t\t\t\t\t\t\t\t\t\t\t\t<\/span>\n\t\t\t\t\t<\/button>\n\t\t\t\t<\/div>\n\t\t\t<\/div>\n\t\t<\/form>\n\t\t\t\t\t\t<\/div>\n\t\t\t\t<\/div>\n\t\t<div class=\"elementor-element elementor-element-bed9038 e-con-full e-flex elementor-invisible e-con e-child\" data-id=\"bed9038\" data-element_type=\"container\" data-e-type=\"container\" data-settings=\"{&quot;background_background&quot;:&quot;classic&quot;,&quot;animation&quot;:&quot;fadeInRight&quot;}\">\n\t\t\t\t<div class=\"elementor-element elementor-element-43237f8 elementor-view-framed elementor-position-block-start elementor-mobile-position-block-start elementor-shape-circle elementor-widget elementor-widget-icon-box\" data-id=\"43237f8\" data-element_type=\"widget\" data-e-type=\"widget\" data-widget_type=\"icon-box.default\">\n\t\t\t\t\t\t\t<div class=\"elementor-icon-box-wrapper\">\n\n\t\t\t\t\t\t<div class=\"elementor-icon-box-icon\">\n\t\t\t\t<a href=\"tel:680952578\" class=\"elementor-icon\" tabindex=\"-1\" aria-label=\"(+34) 680 95 25 78\">\n\t\t\t\t<svg aria-hidden=\"true\" class=\"e-font-icon-svg e-fas-phone-alt\" viewBox=\"0 0 512 512\" xmlns=\"http:\/\/www.w3.org\/2000\/svg\"><path d=\"M497.39 361.8l-112-48a24 24 0 0 0-28 6.9l-49.6 60.6A370.66 370.66 0 0 1 130.6 204.11l60.6-49.6a23.94 23.94 0 0 0 6.9-28l-48-112A24.16 24.16 0 0 0 122.6.61l-104 24A24 24 0 0 0 0 48c0 256.5 207.9 464 464 464a24 24 0 0 0 23.4-18.6l24-104a24.29 24.29 0 0 0-14.01-27.6z\"><\/path><\/svg>\t\t\t\t<\/a>\n\t\t\t<\/div>\n\t\t\t\n\t\t\t\t\t\t<div class=\"elementor-icon-box-content\">\n\n\t\t\t\t\t\t\t\t\t<h2 class=\"elementor-icon-box-title\">\n\t\t\t\t\t\t<a href=\"tel:680952578\" >\n\t\t\t\t\t\t\t(+34) 680 95 25 78\t\t\t\t\t\t<\/a>\n\t\t\t\t\t<\/h2>\n\t\t\t\t\n\t\t\t\t\n\t\t\t<\/div>\n\t\t\t\n\t\t<\/div>\n\t\t\t\t\t\t<\/div>\n\t\t\t\t<div class=\"elementor-element elementor-element-9ff0d20 elementor-view-framed elementor-position-block-start elementor-mobile-position-block-start elementor-shape-circle elementor-widget elementor-widget-icon-box\" data-id=\"9ff0d20\" data-element_type=\"widget\" data-e-type=\"widget\" data-widget_type=\"icon-box.default\">\n\t\t\t\t\t\t\t<div class=\"elementor-icon-box-wrapper\">\n\n\t\t\t\t\t\t<div class=\"elementor-icon-box-icon\">\n\t\t\t\t<span  class=\"elementor-icon\">\n\t\t\t\t<svg aria-hidden=\"true\" class=\"e-font-icon-svg e-fas-map-marker-alt\" viewBox=\"0 0 384 512\" xmlns=\"http:\/\/www.w3.org\/2000\/svg\"><path d=\"M172.268 501.67C26.97 291.031 0 269.413 0 192 0 85.961 85.961 0 192 0s192 85.961 192 192c0 77.413-26.97 99.031-172.268 309.67-9.535 13.774-29.93 13.773-39.464 0zM192 272c44.183 0 80-35.817 80-80s-35.817-80-80-80-80 35.817-80 80 35.817 80 80 80z\"><\/path><\/svg>\t\t\t\t<\/span>\n\t\t\t<\/div>\n\t\t\t\n\t\t\t\t\t\t<div class=\"elementor-icon-box-content\">\n\n\t\t\t\t\t\t\t\t\t<h2 class=\"elementor-icon-box-title\">\n\t\t\t\t\t\t<span  >\n\t\t\t\t\t\t\tTorrej\u00f3n De Ardoz - Madrid - Espa\u00f1a\t\t\t\t\t\t<\/span>\n\t\t\t\t\t<\/h2>\n\t\t\t\t\n\t\t\t\t\n\t\t\t<\/div>\n\t\t\t\n\t\t<\/div>\n\t\t\t\t\t\t<\/div>\n\t\t\t\t<div class=\"elementor-element elementor-element-71b38f5 elementor-view-framed elementor-position-block-start elementor-mobile-position-block-start elementor-shape-circle elementor-widget elementor-widget-icon-box\" data-id=\"71b38f5\" data-element_type=\"widget\" data-e-type=\"widget\" data-widget_type=\"icon-box.default\">\n\t\t\t\t\t\t\t<div class=\"elementor-icon-box-wrapper\">\n\n\t\t\t\t\t\t<div class=\"elementor-icon-box-icon\">\n\t\t\t\t<a href=\"mailto:info@globexsan.com\" class=\"elementor-icon\" tabindex=\"-1\" aria-label=\"info@globexsan.com\">\n\t\t\t\t<svg aria-hidden=\"true\" class=\"e-font-icon-svg e-fas-envelope\" viewBox=\"0 0 512 512\" xmlns=\"http:\/\/www.w3.org\/2000\/svg\"><path d=\"M502.3 190.8c3.9-3.1 9.7-.2 9.7 4.7V400c0 26.5-21.5 48-48 48H48c-26.5 0-48-21.5-48-48V195.6c0-5 5.7-7.8 9.7-4.7 22.4 17.4 52.1 39.5 154.1 113.6 21.1 15.4 56.7 47.8 92.2 47.6 35.7.3 72-32.8 92.3-47.6 102-74.1 131.6-96.3 154-113.7zM256 320c23.2.4 56.6-29.2 73.4-41.4 132.7-96.3 142.8-104.7 173.4-128.7 5.8-4.5 9.2-11.5 9.2-18.9v-19c0-26.5-21.5-48-48-48H48C21.5 64 0 85.5 0 112v19c0 7.4 3.4 14.3 9.2 18.9 30.6 23.9 40.7 32.4 173.4 128.7 16.8 12.2 50.2 41.8 73.4 41.4z\"><\/path><\/svg>\t\t\t\t<\/a>\n\t\t\t<\/div>\n\t\t\t\n\t\t\t\t\t\t<div class=\"elementor-icon-box-content\">\n\n\t\t\t\t\t\t\t\t\t<h2 class=\"elementor-icon-box-title\">\n\t\t\t\t\t\t<a href=\"mailto:info@globexsan.com\" >\n\t\t\t\t\t\t\tinfo@globexsan.com\t\t\t\t\t\t<\/a>\n\t\t\t\t\t<\/h2>\n\t\t\t\t\n\t\t\t\t\n\t\t\t<\/div>\n\t\t\t\n\t\t<\/div>\n\t\t\t\t\t\t<\/div>\n\t\t\t\t<\/div>\n\t\t\t\t<\/div>\n\t\t\t\t<\/div>\n\t\t","protected":false},"excerpt":{"rendered":"<p>Contacte con Nosotros Contacte con nosotros y cu\u00e9ntenos su proyecto. Le asesoraremos de forma personalizada para impulsar su actividad en los mercados internacionales con garant\u00edas. Abra su negocio al mercado exterior (+34) 680 95 25 78 Torrej\u00f3n De Ardoz &#8211; Madrid &#8211; Espa\u00f1a info@globexsan.com<\/p>","protected":false},"author":1,"featured_media":86,"parent":0,"menu_order":0,"comment_status":"closed","ping_status":"closed","template":"","meta":{"_acf_changed":false,"footnotes":""},"class_list":["post-66","page","type-page","status-publish","has-post-thumbnail","hentry"],"acf":[],"yoast_head":"<!-- This site is optimized with the Yoast SEO plugin v27.4 - https:\/\/yoast.com\/product\/yoast-seo-wordpress\/ -->\n<title>Contacto | Asesoramiento Personalizado<\/title>\n<meta name=\"description\" content=\"Contacte con nuestro equipo y reciba asesoramiento personalizado en comercio exterior, exportaci\u00f3n e internacionalizaci\u00f3n empresarial.\" \/>\n<meta name=\"robots\" content=\"index, follow, max-snippet:-1, max-image-preview:large, max-video-preview:-1\" \/>\n<link rel=\"canonical\" href=\"https:\/\/globexsan.com\/zh\/contacto\/\" \/>\n<meta property=\"og:locale\" content=\"zh_CN\" \/>\n<meta property=\"og:type\" content=\"article\" \/>\n<meta property=\"og:title\" content=\"Contacto | Asesoramiento Personalizado\" \/>\n<meta property=\"og:description\" content=\"Contacte con nuestro equipo y reciba asesoramiento personalizado en comercio exterior, exportaci\u00f3n e internacionalizaci\u00f3n empresarial.\" \/>\n<meta property=\"og:url\" content=\"https:\/\/globexsan.com\/zh\/contacto\/\" \/>\n<meta property=\"og:site_name\" content=\"Globexsan\" \/>\n<meta property=\"article:modified_time\" content=\"2026-03-03T09:35:46+00:00\" \/>\n<meta property=\"og:image\" content=\"https:\/\/globexsan.com\/wp-content\/uploads\/2025\/12\/Contacto.jpeg\" \/>\n\t<meta property=\"og:image:width\" content=\"1024\" \/>\n\t<meta property=\"og:image:height\" content=\"476\" \/>\n\t<meta property=\"og:image:type\" content=\"image\/jpeg\" \/>\n<meta name=\"twitter:card\" content=\"summary_large_image\" \/>\n<meta name=\"twitter:label1\" content=\"\u9884\u8ba1\u9605\u8bfb\u65f6\u95f4\" \/>\n\t<meta name=\"twitter:data1\" content=\"1 \u5206\" \/>\n<script type=\"application\/ld+json\" class=\"yoast-schema-graph\">{\"@context\":\"https:\\\/\\\/schema.org\",\"@graph\":[{\"@type\":\"WebPage\",\"@id\":\"https:\\\/\\\/globexsan.com\\\/contacto\\\/\",\"url\":\"https:\\\/\\\/globexsan.com\\\/contacto\\\/\",\"name\":\"Contacto | Asesoramiento Personalizado\",\"isPartOf\":{\"@id\":\"https:\\\/\\\/globexsan.com\\\/#website\"},\"primaryImageOfPage\":{\"@id\":\"https:\\\/\\\/globexsan.com\\\/contacto\\\/#primaryimage\"},\"image\":{\"@id\":\"https:\\\/\\\/globexsan.com\\\/contacto\\\/#primaryimage\"},\"thumbnailUrl\":\"https:\\\/\\\/globexsan.com\\\/wp-content\\\/uploads\\\/2025\\\/12\\\/Contacto.jpeg\",\"datePublished\":\"2025-12-18T11:26:17+00:00\",\"dateModified\":\"2026-03-03T09:35:46+00:00\",\"description\":\"Contacte con nuestro equipo y reciba asesoramiento personalizado en comercio exterior, exportaci\u00f3n e internacionalizaci\u00f3n empresarial.\",\"breadcrumb\":{\"@id\":\"https:\\\/\\\/globexsan.com\\\/contacto\\\/#breadcrumb\"},\"inLanguage\":\"zh-Hans\",\"potentialAction\":[{\"@type\":\"ReadAction\",\"target\":[\"https:\\\/\\\/globexsan.com\\\/contacto\\\/\"]}]},{\"@type\":\"ImageObject\",\"inLanguage\":\"zh-Hans\",\"@id\":\"https:\\\/\\\/globexsan.com\\\/contacto\\\/#primaryimage\",\"url\":\"https:\\\/\\\/globexsan.com\\\/wp-content\\\/uploads\\\/2025\\\/12\\\/Contacto.jpeg\",\"contentUrl\":\"https:\\\/\\\/globexsan.com\\\/wp-content\\\/uploads\\\/2025\\\/12\\\/Contacto.jpeg\",\"width\":1024,\"height\":476,\"caption\":\"Contacto | Asesoramiento Personalizado\"},{\"@type\":\"BreadcrumbList\",\"@id\":\"https:\\\/\\\/globexsan.com\\\/contacto\\\/#breadcrumb\",\"itemListElement\":[{\"@type\":\"ListItem\",\"position\":1,\"name\":\"Portada\",\"item\":\"https:\\\/\\\/globexsan.com\\\/\"},{\"@type\":\"ListItem\",\"position\":2,\"name\":\"Contacto\"}]},{\"@type\":\"WebSite\",\"@id\":\"https:\\\/\\\/globexsan.com\\\/#website\",\"url\":\"https:\\\/\\\/globexsan.com\\\/\",\"name\":\"Globexsan\",\"description\":\"\",\"potentialAction\":[{\"@type\":\"SearchAction\",\"target\":{\"@type\":\"EntryPoint\",\"urlTemplate\":\"https:\\\/\\\/globexsan.com\\\/?s={search_term_string}\"},\"query-input\":{\"@type\":\"PropertyValueSpecification\",\"valueRequired\":true,\"valueName\":\"search_term_string\"}}],\"inLanguage\":\"zh-Hans\"}]}<\/script>\n<!-- \/ Yoast SEO plugin. -->","yoast_head_json":{"title":"\u8054\u7cfb | \u4e2a\u6027\u5316\u54a8\u8be2","description":"Contacte con nuestro equipo y reciba asesoramiento personalizado en comercio exterior, exportaci\u00f3n e internacionalizaci\u00f3n empresarial.","robots":{"index":"index","follow":"follow","max-snippet":"max-snippet:-1","max-image-preview":"max-image-preview:large","max-video-preview":"max-video-preview:-1"},"canonical":"https:\/\/globexsan.com\/zh\/contacto\/","og_locale":"zh_CN","og_type":"article","og_title":"Contacto | Asesoramiento Personalizado","og_description":"Contacte con nuestro equipo y reciba asesoramiento personalizado en comercio exterior, exportaci\u00f3n e internacionalizaci\u00f3n empresarial.","og_url":"https:\/\/globexsan.com\/zh\/contacto\/","og_site_name":"Globexsan","article_modified_time":"2026-03-03T09:35:46+00:00","og_image":[{"width":1024,"height":476,"url":"https:\/\/globexsan.com\/wp-content\/uploads\/2025\/12\/Contacto.jpeg","type":"image\/jpeg"}],"twitter_card":"summary_large_image","twitter_misc":{"\u9884\u8ba1\u9605\u8bfb\u65f6\u95f4":"1 \u5206"},"schema":{"@context":"https:\/\/schema.org","@graph":[{"@type":"WebPage","@id":"https:\/\/globexsan.com\/contacto\/","url":"https:\/\/globexsan.com\/contacto\/","name":"\u8054\u7cfb | \u4e2a\u6027\u5316\u54a8\u8be2","isPartOf":{"@id":"https:\/\/globexsan.com\/#website"},"primaryImageOfPage":{"@id":"https:\/\/globexsan.com\/contacto\/#primaryimage"},"image":{"@id":"https:\/\/globexsan.com\/contacto\/#primaryimage"},"thumbnailUrl":"https:\/\/globexsan.com\/wp-content\/uploads\/2025\/12\/Contacto.jpeg","datePublished":"2025-12-18T11:26:17+00:00","dateModified":"2026-03-03T09:35:46+00:00","description":"Contacte con nuestro equipo y reciba asesoramiento personalizado en comercio exterior, exportaci\u00f3n e internacionalizaci\u00f3n empresarial.","breadcrumb":{"@id":"https:\/\/globexsan.com\/contacto\/#breadcrumb"},"inLanguage":"zh-Hans","potentialAction":[{"@type":"ReadAction","target":["https:\/\/globexsan.com\/contacto\/"]}]},{"@type":"ImageObject","inLanguage":"zh-Hans","@id":"https:\/\/globexsan.com\/contacto\/#primaryimage","url":"https:\/\/globexsan.com\/wp-content\/uploads\/2025\/12\/Contacto.jpeg","contentUrl":"https:\/\/globexsan.com\/wp-content\/uploads\/2025\/12\/Contacto.jpeg","width":1024,"height":476,"caption":"Contacto | Asesoramiento Personalizado"},{"@type":"BreadcrumbList","@id":"https:\/\/globexsan.com\/contacto\/#breadcrumb","itemListElement":[{"@type":"ListItem","position":1,"name":"Portada","item":"https:\/\/globexsan.com\/"},{"@type":"ListItem","position":2,"name":"Contacto"}]},{"@type":"WebSite","@id":"https:\/\/globexsan.com\/#website","url":"https:\/\/globexsan.com\/","name":"\u683c\u6d1b\u8d1d\u514b\u65af\u6563","description":"","potentialAction":[{"@type":"SearchAction","target":{"@type":"EntryPoint","urlTemplate":"https:\/\/globexsan.com\/?s={search_term_string}"},"query-input":{"@type":"PropertyValueSpecification","valueRequired":true,"valueName":"search_term_string"}}],"inLanguage":"zh-Hans"}]}},"_links":{"self":[{"href":"https:\/\/globexsan.com\/zh\/wp-json\/wp\/v2\/pages\/66","targetHints":{"allow":["GET"]}}],"collection":[{"href":"https:\/\/globexsan.com\/zh\/wp-json\/wp\/v2\/pages"}],"about":[{"href":"https:\/\/globexsan.com\/zh\/wp-json\/wp\/v2\/types\/page"}],"author":[{"embeddable":true,"href":"https:\/\/globexsan.com\/zh\/wp-json\/wp\/v2\/users\/1"}],"replies":[{"embeddable":true,"href":"https:\/\/globexsan.com\/zh\/wp-json\/wp\/v2\/comments?post=66"}],"version-history":[{"count":220,"href":"https:\/\/globexsan.com\/zh\/wp-json\/wp\/v2\/pages\/66\/revisions"}],"predecessor-version":[{"id":1918,"href":"https:\/\/globexsan.com\/zh\/wp-json\/wp\/v2\/pages\/66\/revisions\/1918"}],"wp:featuredmedia":[{"embeddable":true,"href":"https:\/\/globexsan.com\/zh\/wp-json\/wp\/v2\/media\/86"}],"wp:attachment":[{"href":"https:\/\/globexsan.com\/zh\/wp-json\/wp\/v2\/media?parent=66"}],"curies":[{"name":"wp","href":"https:\/\/api.w.org\/{rel}","templated":true}]}}