{"id":236,"date":"2025-12-18T15:51:11","date_gmt":"2025-12-18T15:51:11","guid":{"rendered":"https:\/\/globexsan.com\/?page_id=236"},"modified":"2026-02-17T13:57:52","modified_gmt":"2026-02-17T13:57:52","slug":"politica-de-privacidad","status":"publish","type":"page","link":"https:\/\/globexsan.com\/ja\/politica-de-privacidad\/","title":{"rendered":"\u30d7\u30e9\u30a4\u30d0\u30b7\u30fc\u30dd\u30ea\u30b7\u30fc"},"content":{"rendered":"<div data-elementor-type=\"wp-page\" data-elementor-id=\"236\" class=\"elementor elementor-236\" data-elementor-post-type=\"page\">\n\t\t\t\t<div class=\"elementor-element elementor-element-ecab1ad e-flex e-con-boxed e-con e-parent\" data-id=\"ecab1ad\" data-element_type=\"container\" data-e-type=\"container\" data-settings=\"{&quot;background_background&quot;:&quot;classic&quot;}\">\n\t\t\t\t\t<div class=\"e-con-inner\">\n\t\t\t\t<div class=\"elementor-element elementor-element-c75246c elementor-widget elementor-widget-heading\" data-id=\"c75246c\" data-element_type=\"widget\" data-e-type=\"widget\" data-widget_type=\"heading.default\">\n\t\t\t\t\t<h1 class=\"elementor-heading-title elementor-size-default\">\u30d7\u30e9\u30a4\u30d0\u30b7\u30fc\u30dd\u30ea\u30b7\u30fc<\/h1>\t\t\t\t<\/div>\n\t\t\t\t<div class=\"elementor-element elementor-element-0b024e0 elementor-widget elementor-widget-text-editor\" data-id=\"0b024e0\" data-element_type=\"widget\" data-e-type=\"widget\" data-widget_type=\"text-editor.default\">\n\t\t\t\t\t\t\t\t\t<p><strong>1. \u30e6\u30fc\u30b6\u30fc\u60c5\u5831<\/strong><\/p><p><strong>\u500b\u4eba\u30c7\u30fc\u30bf\u306e\u51e6\u7406\u306b\u3064\u3044\u3066\u8cac\u4efb\u3092\u8ca0\u3046\u306e\u306f\u8ab0\u3067\u3059\u304b\uff1f<\/strong><\/p><p><strong> <\/strong>\u306f\u3001\u30e6\u30fc\u30b6\u30fc\u306e\u500b\u4eba\u30c7\u30fc\u30bf\u306e\u51e6\u7406\u306b\u8cac\u4efb\u3092\u8ca0\u3044\u3001\u3053\u306e\u30c7\u30fc\u30bf\u304c4\u670827\u65e5\u4ed8\u898f\u5247\uff08EU\uff092016\/679\uff08GDPR\uff09\u304a\u3088\u307312\u67085\u65e5\u4ed8\u6709\u6a5f\u6cd53\/2018\uff08LOPDGDD\uff09\u306e\u898f\u5b9a\u306b\u5f93\u3063\u3066\u51e6\u7406\u3055\u308c\u308b\u3053\u3068\u3092\u901a\u77e5\u3057\u307e\u3059\u3002.<\/p><p><strong>\u304a\u5ba2\u69d8\u306e\u500b\u4eba\u60c5\u5831\u306f\u4f55\u306e\u305f\u3081\u306b\u51e6\u7406\u3055\u308c\u308b\u306e\u3067\u3059\u304b\uff1f<\/strong><\/p><p>\u30e6\u30fc\u30b6\u30fc\u3068\u306e\u5546\u696d\u7684\u95a2\u4fc2\u3092\u7dad\u6301\u3059\u308b\u305f\u3081\u3002\u51e6\u7406\u3092\u5b9f\u884c\u3059\u308b\u305f\u3081\u306b\u60f3\u5b9a\u3055\u308c\u308b\u64cd\u4f5c\u306f\u4ee5\u4e0b\u306e\u901a\u308a\u3067\u3059\uff1a<\/p><ul><li>E\u30e1\u30fc\u30eb\u3001FAX\u3001SMS\u3001MMS\u3001\u30bd\u30fc\u30b7\u30e3\u30eb\u30cd\u30c3\u30c8\u30ef\u30fc\u30af\u3001\u307e\u305f\u306f\u305d\u306e\u4ed6\u306e\u96fb\u5b50\u7684\u3082\u3057\u304f\u306f\u7269\u7406\u7684\u306a\u624b\u6bb5\u3001\u73fe\u5728\u3082\u3057\u304f\u306f\u5c06\u6765\u7684\u306b\u5546\u696d\u7684\u306a\u30b3\u30df\u30e5\u30cb\u30b1\u30fc\u30b7\u30e7\u30f3\u3092\u53ef\u80fd\u306b\u3059\u308b\u624b\u6bb5\u306b\u3088\u308a\u3001\u5546\u696d\u7684\u306a\u5e83\u544a\u30b3\u30df\u30e5\u30cb\u30b1\u30fc\u30b7\u30e7\u30f3\u3092\u9001\u4fe1\u3059\u308b\u3053\u3068\u3002\u3053\u308c\u3089\u306e\u901a\u4fe1\u306f\u3001\u8cac\u4efb\u8005\u306b\u3088\u3063\u3066\u884c\u308f\u308c\u3001\u5f53\u793e\u306e\u88fd\u54c1\u304a\u3088\u3073\u30b5\u30fc\u30d3\u30b9\u3001\u307e\u305f\u306f\u8ca9\u58f2\u4fc3\u9032\u5951\u7d04\u3092\u7d50\u3093\u3060\u5354\u529b\u8005\u3084\u30b5\u30d7\u30e9\u30a4\u30e4\u30fc\u306e\u88fd\u54c1\u304a\u3088\u3073\u30b5\u30fc\u30d3\u30b9\u306b\u95a2\u9023\u3059\u308b\u3082\u306e\u3067\u3059\u3002\u3053\u306e\u5834\u5408\u3001\u7b2c\u4e09\u8005\u304c\u500b\u4eba\u60c5\u5831\u306b\u30a2\u30af\u30bb\u30b9\u3059\u308b\u3053\u3068\u306f\u3042\u308a\u307e\u305b\u3093\u3002.<\/li><li>\u5e02\u5834\u8abf\u67fb\u3068\u7d71\u8a08\u5206\u6790\u3092\u884c\u3046\u3002.<\/li><li>\u6ce8\u6587\u3001\u30ea\u30af\u30a8\u30b9\u30c8\u306e\u51e6\u7406\u3001\u554f\u3044\u5408\u308f\u305b\u3001\u307e\u305f\u306f\u8cac\u4efb\u8005\u306e\u30a6\u30a7\u30d6\u30b5\u30a4\u30c8\u4e0a\u3067\u5229\u7528\u53ef\u80fd\u306a\u9023\u7d61\u30d5\u30a9\u30fc\u30e0\u3092\u901a\u3058\u3066\u30e6\u30fc\u30b6\u304c\u884c\u3063\u305f\u3042\u3089\u3086\u308b\u7a2e\u985e\u306e\u30ea\u30af\u30a8\u30b9\u30c8\u306b\u5bfe\u5fdc\u3059\u308b\u3053\u3068\u3002.<\/li><li>\u5f53\u793e\u306e\u6d3b\u52d5\u306b\u95a2\u3059\u308b\u30cb\u30e5\u30fc\u30b9\u3001\u30aa\u30d5\u30a1\u30fc\u3001\u30d7\u30ed\u30e2\u30fc\u30b7\u30e7\u30f3\u306b\u95a2\u3059\u308b\u30aa\u30f3\u30e9\u30a4\u30f3\u30cb\u30e5\u30fc\u30b9\u30ec\u30bf\u30fc\u3092\u9001\u4fe1\u3059\u308b\u305f\u3081\u3002.<\/li><\/ul><p><strong>\u5f53\u793e\u304c\u304a\u5ba2\u69d8\u306e\u500b\u4eba\u30c7\u30fc\u30bf\u3092\u51e6\u7406\u3059\u308b\u7406\u7531<\/strong><\/p><p>\u306a\u305c\u306a\u3089\u3001\u305d\u306e\u51e6\u7406\u306fGDPR\u7b2c6\u6761\u306b\u3088\u308a\u4ee5\u4e0b\u306e\u3088\u3046\u306b\u6b63\u5f53\u5316\u3055\u308c\u308b\u304b\u3089\u3067\u3059\uff1a<\/p><ul><li>\u5229\u7528\u8005\u306e\u540c\u610f\u304c\u3042\u308b\u5834\u5408\uff1a\u5546\u696d\u901a\u4fe1\u304a\u3088\u3073\u30cb\u30e5\u30fc\u30b9\u30ec\u30bf\u30fc\u306e\u9001\u4ed8\u3002.<\/li><li>\u8cac\u4efb\u8005\u306e\u6b63\u5f53\u306a\u5229\u76ca\u306e\u305f\u3081\uff1a\u5e02\u5834\u8abf\u67fb\u3001\u7d71\u8a08\u5206\u6790\u7b49\u3092\u5b9f\u65bd\u3057\u3001\u5229\u7528\u8005\u306e\u8981\u6c42\u306b\u5fdc\u3058\u3066\u6ce8\u6587\u3001\u8981\u6c42\u7b49\u3092\u51e6\u7406\u3059\u308b\u305f\u3081\u3002.<\/li><\/ul><p><strong>\u500b\u4eba\u60c5\u5831\u306e\u4fdd\u5b58\u671f\u9593<\/strong><\/p><p>\u3053\u308c\u3089\u306e\u30c7\u30fc\u30bf\u306f\u3001\u51e6\u7406\u306e\u76ee\u7684\u3092\u7dad\u6301\u3059\u308b\u305f\u3081\u306b\u5fc5\u8981\u306a\u671f\u9593\u3001\u307e\u305f\u306f\u305d\u306e\u4fdd\u7ba1\u3092\u6307\u793a\u3059\u308b\u6cd5\u7684\u8981\u4ef6\u304c\u3042\u308b\u5834\u5408\u3092\u9664\u304d\u3001\u4fdd\u7ba1\u3055\u308c\u308b\u3082\u306e\u3068\u3057\u3001\u305d\u306e\u76ee\u7684\u306b\u5fc5\u8981\u3067\u306a\u304f\u306a\u3063\u305f\u5834\u5408\u306f\u3001\u30c7\u30fc\u30bf\u306e\u533f\u540d\u5316\u307e\u305f\u306f\u5b8c\u5168\u306a\u7834\u68c4\u3092\u4fdd\u8a3c\u3059\u308b\u9069\u5207\u306a\u30bb\u30ad\u30e5\u30ea\u30c6\u30a3\u5bfe\u7b56\u3092\u65bd\u3057\u3066\u6d88\u53bb\u3055\u308c\u308b\u3082\u306e\u3068\u3057\u307e\u3059\u3002.<\/p><p><strong>\u500b\u4eba\u60c5\u5831\u306e\u63d0\u4f9b\u5148<\/strong><\/p><p>\u500b\u4eba\u60c5\u5831\u306e\u51e6\u7406\u76ee\u7684\u306e\u958b\u767a\u304a\u3088\u3073\u9042\u884c\u306b\u5fc5\u8981\u306a\u5834\u5408\u3001\u8cac\u4efb\u8005\u304c\u6709\u52b9\u306a\u500b\u4eba\u60c5\u5831\u4fdd\u8b77\u898f\u5247\u3067\u7fa9\u52d9\u4ed8\u3051\u3089\u308c\u3066\u3044\u308b\u79d8\u5bc6\u4fdd\u6301\u5951\u7d04\u304a\u3088\u3073\u30c7\u30fc\u30bf\u51e6\u7406\u5951\u7d04\u3092\u7de0\u7d50\u3057\u3066\u3044\u308b\u901a\u4fe1\u95a2\u9023\u306e\u30b5\u30fc\u30d3\u30b9\u30d7\u30ed\u30d0\u30a4\u30c0\u30fc\u3092\u9664\u304d\u3001\u500b\u4eba\u60c5\u5831\u304c\u7b2c\u4e09\u8005\u306b\u63d0\u4f9b\u3055\u308c\u308b\u3053\u3068\u306f\u3042\u308a\u307e\u305b\u3093\u3002.<\/p><p><strong>\u3042\u306a\u305f\u306e\u6a29\u5229\u306f\uff1f<\/strong><\/p><p>\u5229\u7528\u8005\u306e\u6a29\u5229\u306f<\/p><ul><li>\u3044\u3064\u3067\u3082\u540c\u610f\u3092\u64a4\u56de\u3059\u308b\u6a29\u5229.<\/li><li class=\"translation-block\">\u304a\u5ba2\u69d8\u306e\u30c7\u30fc\u30bf\u3078\u306e\u30a2\u30af\u30bb\u30b9\u6a29\u3001\u4fee\u6b63\u6a29\u3001\u30dd\u30fc\u30bf\u30d3\u30ea\u30c6\u30a3\u6a29\u3001\u524a\u9664\u6a29\u3001\u304a\u3088\u3073\u305d\u306e\u51e6\u7406\u306b\u5bfe\u3059\u308b\u5236\u9650\u6a29\u307e\u305f\u306f\u53cd\u5bfe\u6a29<br>\u3002.<\/li><li class=\"translation-block\">\u53d6\u308a\u6271\u3044\u304c\u6709\u52b9\u306a\u898f\u5236\u306b\u6e96\u62e0\u3057\u3066\u3044\u306a\u3044\u3068\u8003\u3048\u3089\u308c\u308b\u5834\u5408\u3001\u76e3\u7763\u5f53\u5c40\uff08www.aepd.es\uff09\u306b\u82e6\u60c5\u3092\u7533\u3057\u7acb\u3066\u308b\u6a29\u5229\u3002.<\/li><\/ul><p><strong>\u6a29\u5229\u884c\u4f7f\u306e\u305f\u3081\u306e\u9023\u7d61\u5148<\/strong><\/p><p>  E\u30e1\u30fc\u30eb <\/p><p><strong>2.\u5229\u7528\u8005\u304c\u63d0\u4f9b\u3059\u308b\u60c5\u5831\u306e\u5fc5\u9808\u6027\u307e\u305f\u306f\u4efb\u610f\u6027<\/strong><\/p><p class=\"translation-block\">\u5229\u7528\u8005\u306f\u3001\u30b3\u30f3\u30bf\u30af\u30c8\u30d5\u30a9\u30fc\u30e0\u307e\u305f\u306f\u30c0\u30a6\u30f3\u30ed\u30fc\u30c9\u30d5\u30a9\u30fc\u30e0\u306b\u8868\u793a\u3055\u308c\u305f\u30a2\u30b9\u30bf\u30ea\u30b9\u30af\uff08*\uff09\u306e\u4ed8\u3044\u305f\u30d5\u30a3\u30fc\u30eb\u30c9\u306b\u8a72\u5f53\u3059\u308b\u30dc\u30c3\u30af\u30b9\u306b\u30c1\u30a7\u30c3\u30af\u3092\u5165\u308c\u3001\u30c7\u30fc\u30bf\u3092\u5165\u529b\u3059\u308b\u3053\u3068\u306b\u3088\u308a\u3001\u660e\u793a\u7684\u304b\u3064\u81ea\u7531\u306b\u3001\u660e\u78ba\u306b\u3001\u305d\u306e\u30c7\u30fc\u30bf\u304c\u63d0\u4f9b\u8005\u306b\u3088\u308b\u8981\u6c42\u306b\u5fdc\u3048\u308b\u305f\u3081\u306b\u5fc5\u8981\u3067\u3042\u308b\u3053\u3068\u3092\u627f\u8afe\u3057\u3001\u6b8b\u308a\u306e\u30d5\u30a3\u30fc\u30eb\u30c9\u306b\u30c7\u30fc\u30bf\u3092\u542b\u3081\u308b\u3053\u3068\u306f\u4efb\u610f\u3067\u3042\u308b\u3002<br>\u5229\u7528\u8005\u306f\u3001\u8cac\u4efb\u3092\u8ca0\u3046\u8005\u306b\u63d0\u4f9b\u3055\u308c\u305f\u500b\u4eba\u60c5\u5831\u304c\u771f\u5b9f\u3067\u3042\u308b\u3053\u3068\u3092\u4fdd\u8a3c\u3057\u3001\u305d\u306e\u5909\u66f4\u306b\u3064\u3044\u3066\u8cac\u4efb\u3092\u8ca0\u3046\u3082\u306e\u3068\u3057\u307e\u3059\u3002<br>\u8cac\u4efb\u3092\u8ca0\u3046\u8005\u306f\u3001\u5229\u7528\u8005\u306b\u6700\u9069\u306a\u30b5\u30fc\u30d3\u30b9\u3092\u63d0\u4f9b\u3059\u308b\u305f\u3081\u306b\u5fc5\u8981\u3067\u3042\u308b\u305f\u3081\u3001\u30a6\u30a7\u30d6\u30b5\u30a4\u30c8\u3092\u901a\u3058\u3066\u8981\u6c42\u3055\u308c\u305f\u3059\u3079\u3066\u306e\u60c5\u5831\u306f\u5fc5\u9808\u3067\u3042\u308b\u3053\u3068\u3092\u901a\u77e5\u3057\u307e\u3059\u3002\u3059\u3079\u3066\u306e\u30c7\u30fc\u30bf\u304c\u63d0\u4f9b\u3055\u308c\u306a\u3044\u5834\u5408\u3001\u63d0\u4f9b\u3055\u308c\u308b\u60c5\u5831\u304a\u3088\u3073\u30b5\u30fc\u30d3\u30b9\u304c\u5229\u7528\u8005\u306e\u30cb\u30fc\u30ba\u306b\u5b8c\u5168\u306b\u9069\u5408\u3059\u308b\u3053\u3068\u3092\u4fdd\u8a3c\u3059\u308b\u3082\u306e\u3067\u306f\u3042\u308a\u307e\u305b\u3093\u3002.<\/p><p><strong>3. \u30bb\u30ad\u30e5\u30ea\u30c6\u30a3\u5bfe\u7b56<\/strong><\/p><p>\u500b\u4eba\u30c7\u30fc\u30bf\u4fdd\u8b77\u306b\u95a2\u3059\u308b\u73fe\u884c\u898f\u5247\u306e\u898f\u5b9a\u306b\u5f93\u3044\u3001\u8cac\u4efb\u8005\u306f\u305d\u306e\u8cac\u4efb\u306e\u4e0b\u3067\u500b\u4eba\u30c7\u30fc\u30bf\u3092\u51e6\u7406\u3059\u308b\u305f\u3081\u306bGDPR\u304a\u3088\u3073LOPDGDD\u898f\u5247\u306e\u3059\u3079\u3066\u306e\u898f\u5b9a\u3092\u9075\u5b88\u3057\u3066\u304a\u308a\u3001GDPR\u7b2c5\u6761\u306b\u8a18\u8f09\u3055\u308c\u3066\u3044\u308b\u539f\u5247\u3092\u660e\u767d\u306b\u9075\u5b88\u3057\u3066\u3044\u308b\u3053\u3068\u3001\u305d\u308c\u306b\u3088\u308a\u30c7\u30fc\u30bf\u4e3b\u4f53\u3068\u306e\u95a2\u4fc2\u306b\u304a\u3044\u3066\u5408\u6cd5\u7684\u3001\u516c\u6b63\u304b\u3064\u900f\u660e\u6027\u3092\u3082\u3063\u3066\u51e6\u7406\u3055\u308c\u3001\u51e6\u7406\u76ee\u7684\u3068\u306e\u95a2\u4fc2\u306b\u304a\u3044\u3066\u9069\u5207\u3001\u9069\u5207\u304b\u3064\u5fc5\u8981\u306a\u3082\u306e\u306b\u9650\u5b9a\u3055\u308c\u3066\u3044\u308b\u3053\u3068\u3002.<\/p><p>\u8cac\u4efb\u8005\u306f\u3001\u5229\u7528\u8005\u306e\u6a29\u5229\u304a\u3088\u3073\u81ea\u7531\u3092\u4fdd\u8b77\u3059\u308b\u305f\u3081\u306b\u3001GDPR\u304a\u3088\u3073LOPDGDD\u306b\u3088\u3063\u3066\u78ba\u7acb\u3055\u308c\u305f\u5b89\u5168\u5bfe\u7b56\u3092\u9069\u7528\u3059\u308b\u305f\u3081\u306e\u9069\u5207\u306a\u6280\u8853\u7684\u304a\u3088\u3073\u7d44\u7e54\u7684\u65b9\u91dd\u3092\u5b9f\u65bd\u3057\u3001\u5229\u7528\u8005\u304c\u305d\u308c\u3089\u3092\u884c\u4f7f\u3067\u304d\u308b\u3088\u3046\u306b\u9069\u5207\u306a\u60c5\u5831\u3092\u4f1d\u9054\u3057\u3066\u3044\u308b\u3053\u3068\u3092\u4fdd\u8a3c\u3057\u307e\u3059\u3002.<\/p><p>\u30d7\u30e9\u30a4\u30d0\u30b7\u30fc\u306e\u4fdd\u8b77\u306b\u95a2\u3059\u308b\u8a73\u7d30\u306b\u3064\u3044\u3066\u306f\u3001\u4ee5\u4e0b\u306e\u8cac\u4efb\u5f53\u4e8b\u8005\u306b\u304a\u554f\u3044\u5408\u308f\u305b\u304f\u3060\u3055\u3044\u3002 <\/p><p>\u500b\u4eba\u30c7\u30fc\u30bf\u4fdd\u8b77\u306b\u95a2\u3059\u308b\u73fe\u884c\u898f\u5247\u306e\u898f\u5b9a\u306b\u5f93\u3044\u3001\u8cac\u4efb\u8005\u306f\u305d\u306e\u8cac\u4efb\u306e\u4e0b\u3067\u500b\u4eba\u30c7\u30fc\u30bf\u3092\u51e6\u7406\u3059\u308b\u305f\u3081\u306bGDPR\u304a\u3088\u3073LOPDGDD\u898f\u5247\u306e\u3059\u3079\u3066\u306e\u898f\u5b9a\u3092\u9075\u5b88\u3057\u3066\u304a\u308a\u3001GDPR\u7b2c5\u6761\u306b\u8a18\u8f09\u3055\u308c\u3066\u3044\u308b\u539f\u5247\u3092\u660e\u767d\u306b\u9075\u5b88\u3057\u3066\u3044\u308b\u3053\u3068\u3001\u305d\u308c\u306b\u3088\u308a\u30c7\u30fc\u30bf\u4e3b\u4f53\u3068\u306e\u95a2\u4fc2\u306b\u304a\u3044\u3066\u5408\u6cd5\u7684\u3001\u516c\u6b63\u304b\u3064\u900f\u660e\u6027\u3092\u3082\u3063\u3066\u51e6\u7406\u3055\u308c\u3001\u51e6\u7406\u76ee\u7684\u3068\u306e\u95a2\u4fc2\u306b\u304a\u3044\u3066\u9069\u5207\u3001\u9069\u5207\u304b\u3064\u5fc5\u8981\u306a\u3082\u306e\u306b\u9650\u5b9a\u3055\u308c\u3066\u3044\u308b\u3053\u3068\u3002.<\/p><p>\u30d7\u30e9\u30a4\u30d0\u30b7\u30fc\u306e\u4fdd\u8a3c\u306b\u95a2\u3059\u308b\u8a73\u7d30\u306b\u3064\u3044\u3066\u306f\u3001\u96fb\u5b50\u30e1\u30fc\u30eb\u3067\u8cac\u4efb\u5f53\u4e8b\u8005\u306b\u304a\u554f\u3044\u5408\u308f\u305b\u304f\u3060\u3055\u3044\uff1a <\/p>\t\t\t\t\t\t\t\t<\/div>\n\t\t\t\t\t<\/div>\n\t\t\t\t<\/div>\n\t\t\t\t<\/div>","protected":false},"excerpt":{"rendered":"<p>Pol\u00edtica de Privacidad 1. INFORMACI\u00d3N AL USUARIO \u00bfQui\u00e9n es el responsable del tratamiento de tus datos personales? es el RESPONSABLE del tratamiento de los datos personales del USUARIO y le informa de que estos datos ser\u00e1n tratados de conformidad con lo dispuesto en el Reglamento (UE) 2016\/679, de 27 de abril (GDPR), y la Ley Org\u00e1nica 3\/2018, de 5 de diciembre (LOPDGDD). \u00bfPara qu\u00e9 tratamos tus datos personales? Para mantener una relaci\u00f3n comercial con el usuario. Las operaciones previstas para realizar el tratamiento son: Remisi\u00f3n de comunicaciones comerciales publicitarias por e-mail, fax, SMS, MMS, redes sociales o cualquier otro medio electr\u00f3nico o f\u00edsico, presente o futuro, que posibilite realizar comunicaciones [&hellip;]<\/p>\n","protected":false},"author":1,"featured_media":0,"parent":0,"menu_order":0,"comment_status":"closed","ping_status":"closed","template":"","meta":{"_acf_changed":false,"footnotes":""},"class_list":["post-236","page","type-page","status-publish","hentry"],"acf":[],"yoast_head":"<!-- This site is optimized with the Yoast SEO plugin v27.4 - https:\/\/yoast.com\/product\/yoast-seo-wordpress\/ -->\n<title>Pol\u00edtica de Privacidad - Globexsan<\/title>\n<meta name=\"robots\" content=\"noindex, follow\" \/>\n<meta property=\"og:locale\" content=\"ja_JP\" \/>\n<meta property=\"og:type\" content=\"article\" \/>\n<meta property=\"og:title\" content=\"Pol\u00edtica de Privacidad - Globexsan\" \/>\n<meta property=\"og:description\" content=\"Pol\u00edtica de Privacidad 1. INFORMACI\u00d3N AL USUARIO \u00bfQui\u00e9n es el responsable del tratamiento de tus datos personales? es el RESPONSABLE del tratamiento de los datos personales del USUARIO y le informa de que estos datos ser\u00e1n tratados de conformidad con lo dispuesto en el Reglamento (UE) 2016\/679, de 27 de abril (GDPR), y la Ley Org\u00e1nica 3\/2018, de 5 de diciembre (LOPDGDD). \u00bfPara qu\u00e9 tratamos tus datos personales? Para mantener una relaci\u00f3n comercial con el usuario. Las operaciones previstas para realizar el tratamiento son: Remisi\u00f3n de comunicaciones comerciales publicitarias por e-mail, fax, SMS, MMS, redes sociales o cualquier otro medio electr\u00f3nico o f\u00edsico, presente o futuro, que posibilite realizar comunicaciones [&hellip;]\" \/>\n<meta property=\"og:url\" content=\"https:\/\/globexsan.com\/ja\/politica-de-privacidad\/\" \/>\n<meta property=\"og:site_name\" content=\"Globexsan\" \/>\n<meta property=\"article:modified_time\" content=\"2026-02-17T13:57:52+00:00\" \/>\n<meta name=\"twitter:card\" content=\"summary_large_image\" \/>\n<meta name=\"twitter:label1\" content=\"\u63a8\u5b9a\u8aad\u307f\u53d6\u308a\u6642\u9593\" \/>\n\t<meta name=\"twitter:data1\" content=\"5\u5206\" \/>\n<script type=\"application\/ld+json\" class=\"yoast-schema-graph\">{\"@context\":\"https:\\\/\\\/schema.org\",\"@graph\":[{\"@type\":\"WebPage\",\"@id\":\"https:\\\/\\\/globexsan.com\\\/politica-de-privacidad\\\/\",\"url\":\"https:\\\/\\\/globexsan.com\\\/politica-de-privacidad\\\/\",\"name\":\"Pol\u00edtica de Privacidad - Globexsan\",\"isPartOf\":{\"@id\":\"https:\\\/\\\/globexsan.com\\\/#website\"},\"datePublished\":\"2025-12-18T15:51:11+00:00\",\"dateModified\":\"2026-02-17T13:57:52+00:00\",\"breadcrumb\":{\"@id\":\"https:\\\/\\\/globexsan.com\\\/politica-de-privacidad\\\/#breadcrumb\"},\"inLanguage\":\"ja\",\"potentialAction\":[{\"@type\":\"ReadAction\",\"target\":[\"https:\\\/\\\/globexsan.com\\\/politica-de-privacidad\\\/\"]}]},{\"@type\":\"BreadcrumbList\",\"@id\":\"https:\\\/\\\/globexsan.com\\\/politica-de-privacidad\\\/#breadcrumb\",\"itemListElement\":[{\"@type\":\"ListItem\",\"position\":1,\"name\":\"Portada\",\"item\":\"https:\\\/\\\/globexsan.com\\\/\"},{\"@type\":\"ListItem\",\"position\":2,\"name\":\"Pol\u00edtica de Privacidad\"}]},{\"@type\":\"WebSite\",\"@id\":\"https:\\\/\\\/globexsan.com\\\/#website\",\"url\":\"https:\\\/\\\/globexsan.com\\\/\",\"name\":\"Globexsan\",\"description\":\"\",\"potentialAction\":[{\"@type\":\"SearchAction\",\"target\":{\"@type\":\"EntryPoint\",\"urlTemplate\":\"https:\\\/\\\/globexsan.com\\\/?s={search_term_string}\"},\"query-input\":{\"@type\":\"PropertyValueSpecification\",\"valueRequired\":true,\"valueName\":\"search_term_string\"}}],\"inLanguage\":\"ja\"}]}<\/script>\n<!-- \/ Yoast SEO plugin. -->","yoast_head_json":{"title":"\u30d7\u30e9\u30a4\u30d0\u30b7\u30fc\u30dd\u30ea\u30b7\u30fc - Globexsan","robots":{"index":"noindex","follow":"follow"},"og_locale":"ja_JP","og_type":"article","og_title":"Pol\u00edtica de Privacidad - Globexsan","og_description":"Pol\u00edtica de Privacidad 1. INFORMACI\u00d3N AL USUARIO \u00bfQui\u00e9n es el responsable del tratamiento de tus datos personales? es el RESPONSABLE del tratamiento de los datos personales del USUARIO y le informa de que estos datos ser\u00e1n tratados de conformidad con lo dispuesto en el Reglamento (UE) 2016\/679, de 27 de abril (GDPR), y la Ley Org\u00e1nica 3\/2018, de 5 de diciembre (LOPDGDD). \u00bfPara qu\u00e9 tratamos tus datos personales? Para mantener una relaci\u00f3n comercial con el usuario. Las operaciones previstas para realizar el tratamiento son: Remisi\u00f3n de comunicaciones comerciales publicitarias por e-mail, fax, SMS, MMS, redes sociales o cualquier otro medio electr\u00f3nico o f\u00edsico, presente o futuro, que posibilite realizar comunicaciones [&hellip;]","og_url":"https:\/\/globexsan.com\/ja\/politica-de-privacidad\/","og_site_name":"Globexsan","article_modified_time":"2026-02-17T13:57:52+00:00","twitter_card":"summary_large_image","twitter_misc":{"\u63a8\u5b9a\u8aad\u307f\u53d6\u308a\u6642\u9593":"5\u5206"},"schema":{"@context":"https:\/\/schema.org","@graph":[{"@type":"WebPage","@id":"https:\/\/globexsan.com\/politica-de-privacidad\/","url":"https:\/\/globexsan.com\/politica-de-privacidad\/","name":"\u30d7\u30e9\u30a4\u30d0\u30b7\u30fc\u30dd\u30ea\u30b7\u30fc - Globexsan","isPartOf":{"@id":"https:\/\/globexsan.com\/#website"},"datePublished":"2025-12-18T15:51:11+00:00","dateModified":"2026-02-17T13:57:52+00:00","breadcrumb":{"@id":"https:\/\/globexsan.com\/politica-de-privacidad\/#breadcrumb"},"inLanguage":"ja","potentialAction":[{"@type":"ReadAction","target":["https:\/\/globexsan.com\/politica-de-privacidad\/"]}]},{"@type":"BreadcrumbList","@id":"https:\/\/globexsan.com\/politica-de-privacidad\/#breadcrumb","itemListElement":[{"@type":"ListItem","position":1,"name":"Portada","item":"https:\/\/globexsan.com\/"},{"@type":"ListItem","position":2,"name":"Pol\u00edtica de Privacidad"}]},{"@type":"WebSite","@id":"https:\/\/globexsan.com\/#website","url":"https:\/\/globexsan.com\/","name":"\u30b0\u30ed\u30fc\u30d9\u30c3\u30af\u30b9\u30b5\u30f3","description":"","potentialAction":[{"@type":"SearchAction","target":{"@type":"EntryPoint","urlTemplate":"https:\/\/globexsan.com\/?s={search_term_string}"},"query-input":{"@type":"PropertyValueSpecification","valueRequired":true,"valueName":"search_term_string"}}],"inLanguage":"ja"}]}},"_links":{"self":[{"href":"https:\/\/globexsan.com\/ja\/wp-json\/wp\/v2\/pages\/236","targetHints":{"allow":["GET"]}}],"collection":[{"href":"https:\/\/globexsan.com\/ja\/wp-json\/wp\/v2\/pages"}],"about":[{"href":"https:\/\/globexsan.com\/ja\/wp-json\/wp\/v2\/types\/page"}],"author":[{"embeddable":true,"href":"https:\/\/globexsan.com\/ja\/wp-json\/wp\/v2\/users\/1"}],"replies":[{"embeddable":true,"href":"https:\/\/globexsan.com\/ja\/wp-json\/wp\/v2\/comments?post=236"}],"version-history":[{"count":23,"href":"https:\/\/globexsan.com\/ja\/wp-json\/wp\/v2\/pages\/236\/revisions"}],"predecessor-version":[{"id":1693,"href":"https:\/\/globexsan.com\/ja\/wp-json\/wp\/v2\/pages\/236\/revisions\/1693"}],"wp:attachment":[{"href":"https:\/\/globexsan.com\/ja\/wp-json\/wp\/v2\/media?parent=236"}],"curies":[{"name":"wp","href":"https:\/\/api.w.org\/{rel}","templated":true}]}}