{"id":231,"date":"2025-12-18T15:48:32","date_gmt":"2025-12-18T15:48:32","guid":{"rendered":"https:\/\/globexsan.com\/?page_id=231"},"modified":"2026-02-17T13:57:11","modified_gmt":"2026-02-17T13:57:11","slug":"aviso-legal","status":"publish","type":"page","link":"https:\/\/globexsan.com\/ja\/aviso-legal\/","title":{"rendered":"\u6cd5\u7684\u901a\u77e5"},"content":{"rendered":"<div data-elementor-type=\"wp-page\" data-elementor-id=\"231\" class=\"elementor elementor-231\" data-elementor-post-type=\"page\">\n\t\t\t\t<div class=\"elementor-element elementor-element-8ec1ff0 e-flex e-con-boxed e-con e-parent\" data-id=\"8ec1ff0\" data-element_type=\"container\" data-e-type=\"container\" data-settings=\"{&quot;background_background&quot;:&quot;classic&quot;}\">\n\t\t\t\t\t<div class=\"e-con-inner\">\n\t\t\t\t<div class=\"elementor-element elementor-element-59697f0 elementor-widget elementor-widget-heading\" data-id=\"59697f0\" data-element_type=\"widget\" data-e-type=\"widget\" data-widget_type=\"heading.default\">\n\t\t\t\t\t<h1 class=\"elementor-heading-title elementor-size-default\">\u6cd5\u7684\u901a\u77e5<\/h1>\t\t\t\t<\/div>\n\t\t\t\t<div class=\"elementor-element elementor-element-53b6716 elementor-widget elementor-widget-text-editor\" data-id=\"53b6716\" data-element_type=\"widget\" data-e-type=\"widget\" data-widget_type=\"text-editor.default\">\n\t\t\t\t\t\t\t\t\t<p><strong>\u60c5\u5831\u793e\u4f1a\u30b5\u30fc\u30d3\u30b9\u6cd5\uff08LSSI\uff09<\/strong><\/p><p><strong><\/strong>, \u672c\u30a6\u30a7\u30d6\u30b5\u30a4\u30c8\u306e\u8cac\u4efb\u8005\uff08\u4ee5\u4e0b\u3001\u300c\u8cac\u4efb\u8005\u300d\u3068\u3044\u3044\u307e\u3059\uff09\u306f\u30017\u670811\u65e5\u4ed8\u60c5\u5831\u793e\u4f1a\u30b5\u30fc\u30d3\u30b9\u304a\u3088\u3073\u96fb\u5b50\u5546\u53d6\u5f15\u306b\u95a2\u3059\u308b\u6cd5\u5f8b\uff08LSSICE\uff09\u7b2c34\/2002\u53f7\uff08BOE No.166\uff09\u306b\u5b9a\u3081\u308b\u7fa9\u52d9\u3092\u9075\u5b88\u3059\u308b\u3068\u3068\u3082\u306b\u3001\u672c\u30a6\u30a7\u30d6\u30b5\u30a4\u30c8\u306e\u5229\u7528\u8005\u5168\u54e1\u306b\u5229\u7528\u6761\u4ef6\u3092\u901a\u77e5\u3059\u308b\u305f\u3081\u3001\u672c\u66f8\u3092\u5229\u7528\u8005\u306b\u516c\u958b\u3057\u307e\u3059\u3002.<\/p><p>\u672c\u30b5\u30a4\u30c8\u306b\u30a2\u30af\u30bb\u30b9\u3059\u308b\u8005\u306f\u3001\u5229\u7528\u8005\u3068\u3057\u3066\u306e\u5f79\u5272\u3092\u62c5\u3044\u3001\u672c\u898f\u5b9a\u304a\u3088\u3073\u9069\u7528\u3055\u308c\u308b\u53ef\u80fd\u6027\u306e\u3042\u308b\u305d\u306e\u4ed6\u306e\u6cd5\u7684\u898f\u5b9a\u3092\u9075\u5b88\u3057\u3001\u53b3\u5b88\u3059\u308b\u3053\u3068\u3092\u7d04\u675f\u3059\u308b\u3082\u306e\u3068\u3057\u307e\u3059\u3002.<\/p><p><strong><\/strong> \u306f\u3001\u4e8b\u524d\u306b\u901a\u77e5\u3059\u308b\u7fa9\u52d9\u3084\u5229\u7528\u8005\u306b\u901a\u77e5\u3059\u308b\u7fa9\u52d9\u3092\u8ca0\u3046\u3053\u3068\u306a\u304f\u3001\u30a6\u30a7\u30d6\u30b5\u30a4\u30c8\u306b\u63b2\u8f09\u3055\u308c\u308b\u3042\u3089\u3086\u308b\u7a2e\u985e\u306e\u60c5\u5831\u3092\u4fee\u6b63\u3059\u308b\u6a29\u5229\u3092\u6709\u3057\u307e\u3059\u3002 <strong><\/strong>.<\/p><p><strong>1. \u8b58\u5225\u30c7\u30fc\u30bf<\/strong><\/p><ul><li style=\"margin-bottom: 0px;\">\u30c9\u30e1\u30a4\u30f3\u540d <strong><\/strong><\/li><li style=\"margin-bottom: 0px;\">\u5546\u54c1\u540d\uff1a <strong><\/strong><\/li><li style=\"margin-bottom: 0px;\">\u4f1a\u793e\u540d <strong><\/strong><\/li><li style=\"margin-bottom: 0px;\">NIF\uff1a <strong><\/strong><\/li><li style=\"margin-bottom: 0px;\">\u767b\u9332\u4e8b\u52d9\u6240 <strong><\/strong><\/li><li style=\"margin-bottom: 0px;\">\u96fb\u8a71 <a href=\"tel:\/\/\"><strong><\/strong><\/a><\/li><li style=\"margin-bottom: 0px;\">E\u30e1\u30fc\u30eb <a href=\"mailto:\"><strong><\/strong><\/a><\/li><li style=\"margin-bottom: 0px;\">WhatApp\uff1a <a href=\"https:\/\/api.whatsapp.com\/send?phone=\"><strong><\/strong><\/a><\/li><\/ul><p><strong>2.\u77e5\u7684\u8ca1\u7523\u6a29\u304a\u3088\u3073\u5de5\u696d\u6240\u6709\u6a29<\/strong><\/p><p>\u672c\u30a6\u30a7\u30d6\u30b5\u30a4\u30c8\u306f\u3001\u305d\u306e\u30d7\u30ed\u30b0\u30e9\u30df\u30f3\u30b0\u3001\u7de8\u96c6\u3001\u30b3\u30f3\u30d1\u30a4\u30eb\u3001\u304a\u3088\u3073\u904b\u55b6\u306b\u5fc5\u8981\u306a\u305d\u306e\u4ed6\u306e\u8981\u7d20\u3001\u30c7\u30b6\u30a4\u30f3\u3001\u30ed\u30b4\u3001\u30c6\u30ad\u30b9\u30c8\u304a\u3088\u3073\/\u307e\u305f\u306f\u30b0\u30e9\u30d5\u30a3\u30c3\u30af\u3092\u542b\u307f\u307e\u3059\u304c\u3001\u3053\u308c\u3089\u306b\u9650\u5b9a\u3055\u308c\u307e\u305b\u3093\u3002\u672c\u30a6\u30a7\u30d6\u30b5\u30a4\u30c8\u306e\u3059\u3079\u3066\u306e\u30b3\u30f3\u30c6\u30f3\u30c4\u306f\u3001\u77e5\u7684\u8ca1\u7523\u6a29\u304a\u3088\u3073\u5de5\u696d\u6240\u6709\u6a29\u306b\u95a2\u3059\u308b\u898f\u5247\u306b\u3088\u308a\u6b63\u5f0f\u306b\u4fdd\u8b77\u3055\u308c\u3066\u304a\u308a\u3001\u5bfe\u5fdc\u3059\u308b\u516c\u7684\u767b\u9332\u7c3f\u306b\u767b\u9332\u3055\u308c\u3066\u3044\u307e\u3059\u3002.<\/p><p>\u610f\u56f3\u3055\u308c\u305f\u76ee\u7684\u306b\u304b\u304b\u308f\u3089\u305a\u3001\u5168\u4f53\u7684\u307e\u305f\u306f\u90e8\u5206\u7684\u306a\u8907\u88fd\u3001\u4f7f\u7528\u3001\u5229\u7528\u3001\u914d\u5e03\u3001\u5546\u696d\u5316\u306b\u306f\u3001\u3044\u304b\u306a\u308b\u5834\u5408\u306b\u304a\u3044\u3066\u3082\u3001\u8cac\u4efb\u5f53\u4e8b\u8005\u306e\u66f8\u9762\u306b\u3088\u308b\u4e8b\u524d\u306e\u627f\u8a8d\u304c\u5fc5\u8981\u3067\u3059\u3002\u7121\u65ad\u4f7f\u7528\u306f\u3001\u8457\u4f5c\u8005\u306e\u77e5\u7684\u8ca1\u7523\u6a29\u307e\u305f\u306f\u5de5\u696d\u6240\u6709\u6a29\u306b\u5bfe\u3059\u308b\u91cd\u5927\u306a\u9055\u53cd\u3068\u307f\u306a\u3055\u308c\u307e\u3059\u3002.<\/p><p>\u672c\u30a6\u30a7\u30d6\u30b5\u30a4\u30c8\u306b\u63b2\u8f09\u3055\u308c\u3066\u3044\u308b\u3001\u8cac\u4efb\u8005\u306b\u5e30\u5c5e\u3057\u306a\u3044\u30c7\u30b6\u30a4\u30f3\u3001\u30ed\u30b4\u3001\u30c6\u30ad\u30b9\u30c8\u304a\u3088\u3073\/\u307e\u305f\u306f\u30b0\u30e9\u30d5\u30a3\u30c3\u30af\u306f\u3001\u305d\u308c\u305e\u308c\u306e\u6240\u6709\u8005\u306b\u5e30\u5c5e\u3057\u3001\u305d\u308c\u3089\u306b\u95a2\u3057\u3066\u8d77\u3053\u308a\u3046\u308b\u8ad6\u4e89\u306b\u3064\u3044\u3066\u306f\u3001\u6240\u6709\u8005\u81ea\u8eab\u304c\u8cac\u4efb\u3092\u8ca0\u3046\u3082\u306e\u3068\u3057\u307e\u3059\u3002\u8cac\u4efb\u306f\u3001\u7b2c\u4e09\u8005\u304c\u672c\u30a6\u30a7\u30d6\u30b5\u30a4\u30c8\u306e\u7279\u5b9a\u306e\u30b3\u30f3\u30c6\u30f3\u30c4\u306b\u76f4\u63a5\u30ea\u30c0\u30a4\u30ec\u30af\u30c8\u3059\u308b\u3053\u3068\u3092\u660e\u793a\u7684\u306b\u8a31\u53ef\u3057\u3001\u3044\u304b\u306a\u308b\u5834\u5408\u306b\u304a\u3044\u3066\u3082\u3001\u4ee5\u4e0b\u306e\u30e1\u30a4\u30f3\u30a6\u30a7\u30d6\u30b5\u30a4\u30c8\u306b\u30ea\u30c0\u30a4\u30ec\u30af\u30c8\u3059\u308b\u3053\u3068\u3092\u8a31\u53ef\u3059\u308b\u3002 <strong><\/strong>.<\/p><p>\u8cac\u4efb\u8005\u306f\u3001\u305d\u308c\u3089\u306e\u77e5\u7684\u8ca1\u7523\u6a29\u304a\u3088\u3073\u5de5\u696d\u6240\u6709\u6a29\u3092\u6240\u6709\u8005\u306b\u5e30\u5c5e\u3059\u308b\u3082\u306e\u3068\u8a8d\u8b58\u3057\u3001\u672c\u30a6\u30a7\u30d6\u30b5\u30a4\u30c8\u306b\u8a18\u8f09\u307e\u305f\u306f\u63b2\u8f09\u3055\u308c\u3066\u3044\u308b\u3060\u3051\u3067\u306f\u3001\u305d\u308c\u3089\u306e\u77e5\u7684\u8ca1\u7523\u6a29\u304a\u3088\u3073\u5de5\u696d\u6240\u6709\u6a29\u306b\u5bfe\u3059\u308b\u3044\u304b\u306a\u308b\u6a29\u5229\u307e\u305f\u306f\u8cac\u4efb\u306e\u5b58\u5728\u3092\u610f\u5473\u3059\u308b\u3082\u306e\u3067\u306f\u306a\u304f\u3001\u307e\u305f\u3001\u305d\u308c\u3089\u306e\u77e5\u7684\u8ca1\u7523\u6a29\u304a\u3088\u3073\u5de5\u696d\u6240\u6709\u6a29\u3092\u652f\u6301\u3001\u5f8c\u63f4\u3001\u63a8\u5968\u3059\u308b\u3082\u306e\u3067\u3082\u3042\u308a\u307e\u305b\u3093\u3002.<\/p><p>\u77e5\u7684\u8ca1\u7523\u6a29\u307e\u305f\u306f\u5de5\u696d\u6240\u6709\u6a29\u306e\u4fb5\u5bb3\u306e\u53ef\u80fd\u6027\u3001\u304a\u3088\u3073\u672c\u30a6\u30a7\u30d6\u30b5\u30a4\u30c8\u306e\u30b3\u30f3\u30c6\u30f3\u30c4\u306b\u95a2\u3059\u308b\u3054\u610f\u898b\u306f\u3001\u4ee5\u4e0b\u306e\u30a2\u30c9\u30ec\u30b9\u307e\u3067\u96fb\u5b50\u30e1\u30fc\u30eb\u3067\u304a\u9001\u308a\u304f\u3060\u3055\u3044\u3002 <a href=\"mailto:\"><strong><\/strong><\/a>.<\/p><p><strong>3.\u514d\u8cac<\/strong><\/p><p>\u8cac\u4efb\u5f53\u4e8b\u8005\u306f\u3001\u305d\u306e\u30a6\u30a7\u30d6\u30b5\u30a4\u30c8\u306b\u63b2\u8f09\u3055\u308c\u305f\u60c5\u5831\u306b\u3088\u308a\u751f\u3058\u308b\u3044\u304b\u306a\u308b\u7a2e\u985e\u306e\u8cac\u4efb\u304b\u3089\u3082\u514d\u9664\u3055\u308c\u308b\u3082\u306e\u3068\u3057\u307e\u3059\u3002\u305f\u3060\u3057\u3001\u3053\u306e\u60c5\u5831\u304c\u5916\u90e8\u306e\u7b2c\u4e09\u8005\u306b\u3088\u3063\u3066\u64cd\u4f5c\u307e\u305f\u306f\u5c0e\u5165\u3055\u308c\u305f\u3053\u3068\u3092\u6709\u52b9\u306b\u8a8d\u8b58\u3057\u3066\u3044\u306a\u3044\u5834\u5408\u3001\u307e\u305f\u306f\u8a8d\u8b58\u3057\u3066\u3044\u308b\u5834\u5408\u3001\u30c7\u30fc\u30bf\u3092\u524a\u9664\u3059\u308b\u304b\u3001\u307e\u305f\u306f\u30c7\u30fc\u30bf\u3078\u306e\u30a2\u30af\u30bb\u30b9\u3092\u4e0d\u53ef\u80fd\u306b\u3059\u308b\u305f\u3081\u306b\u771f\u646f\u306b\u884c\u52d5\u3057\u3066\u3044\u308b\u5834\u5408\u306f\u3001\u3053\u306e\u9650\u308a\u3067\u306f\u3042\u308a\u307e\u305b\u3093\u3002.<\/p><p><strong>\u30af\u30c3\u30ad\u30fc\u306e\u4f7f\u7528<\/strong><\/p><p>\u3053\u306e\u30a6\u30a7\u30d6\u30b5\u30a4\u30c8\u3067\u306f\u3001\u30b5\u30a4\u30c8\u306e\u6b63\u3057\u3044\u6a5f\u80fd\u3068\u8996\u899a\u5316\u306b\u4e0d\u53ef\u6b20\u3068\u8003\u3048\u3089\u308c\u308b\u7279\u5b9a\u306e\u6a5f\u80fd\u3092\u5b9f\u884c\u3059\u308b\u305f\u3081\u306b\u3001\u30c6\u30af\u30cb\u30ab\u30eb\u30af\u30c3\u30ad\u30fc\uff08\u30b5\u30fc\u30d0\u30fc\u304c\u30da\u30fc\u30b8\u306b\u30a2\u30af\u30bb\u30b9\u3059\u308b\u4eba\u306e\u30b3\u30f3\u30d4\u30e5\u30fc\u30bf\u306b\u9001\u4fe1\u3059\u308b\u5c0f\u3055\u306a\u60c5\u5831\u30d5\u30a1\u30a4\u30eb\uff09\u3092\u4f7f\u7528\u3059\u308b\u3053\u3068\u304c\u3042\u308a\u307e\u3059\u3002\u4f7f\u7528\u3055\u308c\u308b\u30af\u30c3\u30ad\u30fc\u306f\u3001\u3044\u304b\u306a\u308b\u5834\u5408\u306b\u304a\u3044\u3066\u3082\u3001\u30d6\u30e9\u30a6\u30b8\u30f3\u30b0\u3092\u3088\u308a\u52b9\u7387\u7684\u306b\u3059\u308b\u3053\u3068\u306e\u307f\u3092\u76ee\u7684\u3068\u3057\u305f\u4e00\u6642\u7684\u306a\u3082\u306e\u3067\u3042\u308a\u3001\u30e6\u30fc\u30b6\u30fc\u306e\u30bb\u30c3\u30b7\u30e7\u30f3\u304c\u7d42\u4e86\u3059\u308b\u3068\u6d88\u6ec5\u3057\u307e\u3059\u3002\u3044\u304b\u306a\u308b\u5834\u5408\u306b\u304a\u3044\u3066\u3082\u3001\u3053\u308c\u3089\u306e\u30af\u30c3\u30ad\u30fc\u81ea\u4f53\u304c\u500b\u4eba\u7684\u306a\u6027\u8cea\u306e\u30c7\u30fc\u30bf\u3092\u63d0\u4f9b\u3059\u308b\u3053\u3068\u306f\u306a\u304f\u3001\u305d\u306e\u3088\u3046\u306a\u30c7\u30fc\u30bf\u3092\u53ce\u96c6\u3059\u308b\u305f\u3081\u306b\u4f7f\u7528\u3055\u308c\u308b\u3053\u3068\u3082\u3042\u308a\u307e\u305b\u3093\u3002.<\/p><p>\u30af\u30c3\u30ad\u30fc\u306e\u4f7f\u7528\u306b\u3088\u308a\u3001\u30a6\u30a7\u30d6\u30b5\u30a4\u30c8\u304c\u8a2d\u7f6e\u3055\u308c\u3066\u3044\u308b\u30b5\u30fc\u30d0\u30fc\u306f\u3001\u95b2\u89a7\u3092\u5bb9\u6613\u306b\u3059\u308b\u305f\u3081\u306b\u30e6\u30fc\u30b6\u30fc\u304c\u4f7f\u7528\u3057\u3066\u3044\u308b\u30d6\u30e9\u30a6\u30b6\u3092\u8a8d\u8b58\u3059\u308b\u3053\u3068\u3082\u53ef\u80fd\u3067\u3042\u308a\u3001\u4f8b\u3048\u3070\u3001\u4ee5\u524d\u306b\u767b\u9332\u3057\u305f\u30e6\u30fc\u30b6\u30fc\u304c\u3001\u8a2a\u554f\u306e\u305f\u3073\u306b\u767b\u9332\u3059\u308b\u3053\u3068\u306a\u304f\u3001\u305d\u306e\u30e6\u30fc\u30b6\u30fc\u5c02\u7528\u306e\u30a8\u30ea\u30a2\u3001\u30b5\u30fc\u30d3\u30b9\u3001\u30d7\u30ed\u30e2\u30fc\u30b7\u30e7\u30f3\u3001\u307e\u305f\u306f\u30b3\u30f3\u30da\u30c6\u30a3\u30b7\u30e7\u30f3\u306b\u30a2\u30af\u30bb\u30b9\u3059\u308b\u3053\u3068\u304c\u3067\u304d\u307e\u3059\u3002\u3053\u308c\u3089\u306e\u30af\u30c3\u30ad\u30fc\u306f\u3001\u8996\u8074\u8005\u6570\u3001\u30c8\u30e9\u30d5\u30a3\u30c3\u30af\u30d1\u30e9\u30e1\u30fc\u30bf\u3001\u9032\u884c\u72b6\u6cc1\u3001\u30a8\u30f3\u30c8\u30ea\u30fc\u6570\u306a\u3069\u3092\u6e2c\u5b9a\u3059\u308b\u305f\u3081\u306b\u4f7f\u7528\u3055\u308c\u308b\u3053\u3068\u3082\u3042\u308a\u3001\u3053\u308c\u3089\u306e\u5834\u5408\u3001\u6280\u8853\u7684\u306b\u306f\u4e0d\u8981\u306a\u30af\u30c3\u30ad\u30fc\u3067\u3059\u304c\u3001\u30e6\u30fc\u30b6\u30fc\u306b\u3068\u3063\u3066\u306f\u6709\u76ca\u306a\u3082\u306e\u3067\u3059\u3002\u3053\u306e\u30a6\u30a7\u30d6\u30b5\u30a4\u30c8\u3067\u306f <em>\u30af\u30c3\u30ad\u30fc<\/em> \u30e6\u30fc\u30b6\u30fc\u306e\u4e8b\u524d\u306e\u540c\u610f\u306a\u3057\u306b.<\/p><p>\u5229\u7528\u8005\u306f\u3001\u30af\u30c3\u30ad\u30fc\u306e\u53d7\u4fe1\u3092\u8b66\u544a\u3057\u3001\u30b3\u30f3\u30d4\u30e5\u30fc\u30bf\u3078\u306e\u30af\u30c3\u30ad\u30fc\u306e\u30a4\u30f3\u30b9\u30c8\u30fc\u30eb\u3092\u9632\u6b62\u3059\u308b\u3088\u3046\u306b\u30d6\u30e9\u30a6\u30b6\u3092\u8a2d\u5b9a\u3059\u308b\u3053\u3068\u304c\u3067\u304d\u307e\u3059\u3002\u8a73\u7d30\u306b\u3064\u3044\u3066\u306f\u3001\u30d6\u30e9\u30a6\u30b6\u306e\u8aac\u660e\u66f8\u3092\u53c2\u7167\u3057\u3066\u304f\u3060\u3055\u3044\u3002<\/p><p><strong>\u30ea\u30f3\u30af\u30dd\u30ea\u30b7\u30fc<\/strong><\/p><p>\u5f53\u30a6\u30a7\u30d6\u30b5\u30a4\u30c8\u304b\u3089\u3001\u7b2c\u4e09\u8005\u306e\u30a6\u30a7\u30d6\u30b5\u30a4\u30c8\u306e\u30b3\u30f3\u30c6\u30f3\u30c4\u306b\u30ea\u30c0\u30a4\u30ec\u30af\u30c8\u3055\u308c\u308b\u53ef\u80fd\u6027\u304c\u3042\u308a\u307e\u3059\u3002\u8cac\u4efb\u8005\u306f\u3001\u7b2c\u4e09\u8005\u304c\u305d\u308c\u305e\u308c\u306e\u30a6\u30a7\u30d6\u30b5\u30a4\u30c8\u4e0a\u3067\u7d39\u4ecb\u3059\u308b\u30b3\u30f3\u30c6\u30f3\u30c4\u3092\u5e38\u306b\u7ba1\u7406\u3059\u308b\u3053\u3068\u306f\u3067\u304d\u306a\u3044\u305f\u3081\u3001\u5f53\u8a72\u30b3\u30f3\u30c6\u30f3\u30c4\u306b\u95a2\u3057\u3066\u3044\u304b\u306a\u308b\u8cac\u4efb\u3082\u8ca0\u3044\u307e\u305b\u3093\u3002\u3044\u304b\u306a\u308b\u5834\u5408\u306b\u304a\u3044\u3066\u3082\u3001\u56fd\u5185\u307e\u305f\u306f\u56fd\u969b\u7684\u306a\u6cd5\u5f8b\u3001\u9053\u5fb3\u3001\u516c\u5e8f\u826f\u4fd7\u306b\u53cd\u3059\u308b\u53ef\u80fd\u6027\u306e\u3042\u308b\u30b3\u30f3\u30c6\u30f3\u30c4\u306f\u76f4\u3061\u306b\u524a\u9664\u3055\u308c\u3001\u5f53\u8a72\u30a6\u30a7\u30d6\u30b5\u30a4\u30c8\u3078\u306e\u30ea\u30c0\u30a4\u30ec\u30af\u30c8\u306f\u76f4\u3061\u306b\u4e2d\u6b62\u3055\u308c\u3001\u7ba1\u8f44\u5f53\u5c40\u306b\u901a\u77e5\u3055\u308c\u307e\u3059\u3002.<\/p><p>\u8cac\u4efb\u8005\u306f\u3001\u30d5\u30a9\u30fc\u30e9\u30e0\u3001\u30c1\u30e3\u30c3\u30c8\u3001\u30d6\u30ed\u30b0\u30b8\u30a7\u30cd\u30ec\u30fc\u30bf\u30fc\u3001\u30b3\u30e1\u30f3\u30c8\u3001\u30bd\u30fc\u30b7\u30e3\u30eb\u30cd\u30c3\u30c8\u30ef\u30fc\u30af\u3001\u307e\u305f\u306f\u7b2c\u4e09\u8005\u304c\u8cac\u4efb\u8005\u306e\u30a6\u30a7\u30d6\u30b5\u30a4\u30c8\u4e0a\u3067\u72ec\u81ea\u306b\u30b3\u30f3\u30c6\u30f3\u30c4\u3092\u516c\u958b\u3067\u304d\u308b\u305d\u306e\u4ed6\u306e\u5a92\u4f53\u306b\u4fdd\u5b58\u3055\u308c\u305f\u60c5\u5831\u304a\u3088\u3073\u30b3\u30f3\u30c6\u30f3\u30c4\u306b\u3064\u3044\u3066\u8cac\u4efb\u3092\u8ca0\u3044\u307e\u305b\u3093\u3002\u305f\u3060\u3057\u3001LSSICE\u7b2c11\u6761\u304a\u3088\u3073\u7b2c16\u6761\u306e\u898f\u5b9a\u306b\u5f93\u3044\u3001\u3059\u3079\u3066\u306e\u5229\u7528\u8005\u3001\u5f53\u5c40\u3001\u6cbb\u5b89\u5f53\u5c40\u304c\u5229\u7528\u3067\u304d\u308b\u3088\u3046\u306b\u3057\u3001\u56fd\u5185\u6cd5\u307e\u305f\u306f\u56fd\u969b\u6cd5\u3001\u7b2c\u4e09\u8005\u306e\u6a29\u5229\u3001\u9053\u5fb3\u304a\u3088\u3073\u516c\u5e8f\u826f\u4fd7\u306b\u5f71\u97ff\u307e\u305f\u306f\u53cd\u3059\u308b\u53ef\u80fd\u6027\u306e\u3042\u308b\u3059\u3079\u3066\u306e\u30b3\u30f3\u30c6\u30f3\u30c4\u306e\u524a\u9664\u307e\u305f\u306f\u9069\u5207\u306a\u5834\u5408\u306f\u30d6\u30ed\u30c3\u30af\u306b\u7a4d\u6975\u7684\u306b\u5354\u529b\u3057\u307e\u3059\u3002\u4e07\u4e00\u3001\u5229\u7528\u8005\u304c\u672c\u30b5\u30a4\u30c8\u306b\u3053\u306e\u5206\u985e\u306b\u8a72\u5f53\u3059\u308b\u53ef\u80fd\u6027\u306e\u3042\u308b\u30b3\u30f3\u30c6\u30f3\u30c4\u304c\u3042\u308b\u3068\u5224\u65ad\u3057\u305f\u5834\u5408\u306f\u3001\u76f4\u3061\u306b\u672c\u30b5\u30a4\u30c8\u306e\u7ba1\u7406\u8005\u306b\u304a\u77e5\u3089\u305b\u304f\u3060\u3055\u3044\u3002.<\/p><p>\u3053\u306e\u30a6\u30a7\u30d6\u30b5\u30a4\u30c8\u306f\u3001\u6b63\u3057\u304f\u6a5f\u80fd\u3059\u308b\u3053\u3068\u3092\u78ba\u8a8d\u3059\u308b\u305f\u3081\u306b\u3001\u30c1\u30a7\u30c3\u30af\u3068\u30c6\u30b9\u30c8\u304c\u884c\u308f\u308c\u3066\u3044\u307e\u3059\u3002\u539f\u5247\u3068\u3057\u3066\u30011\u5e74365\u65e5\u30011\u65e524\u6642\u9593\u3001\u6b63\u5e38\u306b\u6a5f\u80fd\u3059\u308b\u3053\u3068\u304c\u4fdd\u8a3c\u3055\u308c\u3066\u3044\u307e\u3059\u3002\u3057\u304b\u3057\u306a\u304c\u3089\u3001\u8cac\u4efb\u5f53\u4e8b\u8005\u306f\u3001\u7279\u5b9a\u306e\u30d7\u30ed\u30b0\u30e9\u30e0\u30a8\u30e9\u30fc\u3084\u3001\u4e0d\u53ef\u6297\u529b\u3001\u81ea\u7136\u707d\u5bb3\u3001\u30b9\u30c8\u30e9\u30a4\u30ad\u3001\u307e\u305f\u306f\u30a6\u30a7\u30d6\u30b5\u30a4\u30c8\u3078\u306e\u30a2\u30af\u30bb\u30b9\u3092\u4e0d\u53ef\u80fd\u306b\u3059\u308b\u540c\u69d8\u306e\u72b6\u6cc1\u304c\u767a\u751f\u3059\u308b\u53ef\u80fd\u6027\u3092\u6392\u9664\u3059\u308b\u3082\u306e\u3067\u306f\u3042\u308a\u307e\u305b\u3093\u3002.<\/p><p><strong>IP\u30a2\u30c9\u30ec\u30b9<\/strong><\/p><p>\u30a6\u30a7\u30d6\u30b5\u30a4\u30c8\u306e\u30b5\u30fc\u30d0\u30fc\u306f\u3001\u30e6\u30fc\u30b6\u30fc\u304c\u4f7f\u7528\u3059\u308bIP\u30a2\u30c9\u30ec\u30b9\u3068\u30c9\u30e1\u30a4\u30f3\u540d\u3092\u81ea\u52d5\u7684\u306b\u691c\u51fa\u3059\u308b\u3053\u3068\u304c\u3067\u304d\u307e\u3059\u3002IP\u30a2\u30c9\u30ec\u30b9\u306f\u3001\u30b3\u30f3\u30d4\u30e5\u30fc\u30bf\u304c\u30a4\u30f3\u30bf\u30fc\u30cd\u30c3\u30c8\u306b\u63a5\u7d9a\u3059\u308b\u969b\u306b\u81ea\u52d5\u7684\u306b\u5272\u308a\u5f53\u3066\u3089\u308c\u308b\u756a\u53f7\u3067\u3059\u3002\u3053\u308c\u3089\u306e\u60c5\u5831\u306f\u3059\u3079\u3066\u3001\u30da\u30fc\u30b8\u30a4\u30f3\u30d7\u30ec\u30c3\u30b7\u30e7\u30f3\u6570\u3001\u30a6\u30a7\u30d6\u30b5\u30fc\u30d0\u30fc\u3078\u306e\u8a2a\u554f\u56de\u6570\u3001\u8a2a\u554f\u9806\u5e8f\u3001\u30a2\u30af\u30bb\u30b9\u30dd\u30a4\u30f3\u30c8\u306a\u3069\u3092\u77e5\u308b\u305f\u3081\u306e\u7d14\u7c8b\u306a\u7d71\u8a08\u7684\u6e2c\u5b9a\u5024\u3092\u5f97\u308b\u305f\u3081\u306b\u3001\u305d\u306e\u5f8c\u306e\u30c7\u30fc\u30bf\u51e6\u7406\u3092\u53ef\u80fd\u306b\u3059\u308b\u30b5\u30fc\u30d0\u30fc\u30a2\u30af\u30c6\u30a3\u30d3\u30c6\u30a3\u30d5\u30a1\u30a4\u30eb\u306b\u8a18\u9332\u3055\u308c\u307e\u3059\u3002.<\/p><p><strong>4.\u6e96\u62e0\u6cd5\u304a\u3088\u3073\u7ba1\u8f44\u88c1\u5224\u6240<\/strong><\/p><p>\u672c\u30a6\u30a7\u30d6\u30b5\u30a4\u30c8\u307e\u305f\u306f\u305d\u3053\u3067\u884c\u308f\u308c\u308b\u6d3b\u52d5\u306b\u95a2\u9023\u3059\u308b\u3059\u3079\u3066\u306e\u7d1b\u4e89\u307e\u305f\u306f\u554f\u984c\u306e\u89e3\u6c7a\u306b\u306f\u3001\u5f53\u4e8b\u8005\u304c\u660e\u793a\u7684\u306b\u670d\u3059\u308b\u30b9\u30da\u30a4\u30f3\u306e\u6cd5\u5f8b\u304c\u9069\u7528\u3055\u308c\u308b\u3082\u306e\u3068\u3057\u3001\u5229\u7528\u8005\u306e\u5c45\u4f4f\u5730\u307e\u305f\u306f\u7fa9\u52d9\u306e\u5c65\u884c\u5730\u306e\u88c1\u5224\u6240\u304a\u3088\u3073\u6cd5\u5ef7\u304c\u3001\u305d\u306e\u4f7f\u7528\u306b\u8d77\u56e0\u307e\u305f\u306f\u95a2\u9023\u3059\u308b\u3059\u3079\u3066\u306e\u7d1b\u4e89\u306e\u89e3\u6c7a\u306e\u305f\u3081\u306b\u7ba1\u8f44\u6a29\u3092\u6709\u3059\u308b\u3082\u306e\u3068\u3057\u307e\u3059\u3002.<\/p>\t\t\t\t\t\t\t\t<\/div>\n\t\t\t\t\t<\/div>\n\t\t\t\t<\/div>\n\t\t\t\t<\/div>","protected":false},"excerpt":{"rendered":"<p>Aviso Legal LEY DE LOS SERVICIOS DE LA SOCIEDAD DE LA INFORMACI\u00d3N (LSSI) , responsable del sitio web, en adelante RESPONSABLE, pone a disposici\u00f3n de los usuarios el presente documento, con el que pretende dar cumplimiento a las obligaciones dispuestas en la Ley 34\/2002, de 11 de julio, de Servicios de la Sociedad de la Informaci\u00f3n y de Comercio Electr\u00f3nico (LSSICE), BOE N.\u00ba 166, as\u00ed como informar a todos los usuarios del sitio web respecto a cu\u00e1les son las condiciones de uso. Toda persona que acceda a este sitio web asume el papel de usuario, comprometi\u00e9ndose a la observancia y cumplimiento riguroso de las disposiciones aqu\u00ed dispuestas, as\u00ed como a [&hellip;]<\/p>\n","protected":false},"author":1,"featured_media":0,"parent":0,"menu_order":0,"comment_status":"closed","ping_status":"closed","template":"","meta":{"_acf_changed":false,"footnotes":""},"class_list":["post-231","page","type-page","status-publish","hentry"],"acf":[],"yoast_head":"<!-- This site is optimized with the Yoast SEO plugin v27.4 - https:\/\/yoast.com\/product\/yoast-seo-wordpress\/ -->\n<title>Aviso Legal - Globexsan<\/title>\n<meta name=\"robots\" content=\"noindex, follow\" \/>\n<meta property=\"og:locale\" content=\"ja_JP\" \/>\n<meta property=\"og:type\" content=\"article\" \/>\n<meta property=\"og:title\" content=\"Aviso Legal - Globexsan\" \/>\n<meta property=\"og:description\" content=\"Aviso Legal LEY DE LOS SERVICIOS DE LA SOCIEDAD DE LA INFORMACI\u00d3N (LSSI) , responsable del sitio web, en adelante RESPONSABLE, pone a disposici\u00f3n de los usuarios el presente documento, con el que pretende dar cumplimiento a las obligaciones dispuestas en la Ley 34\/2002, de 11 de julio, de Servicios de la Sociedad de la Informaci\u00f3n y de Comercio Electr\u00f3nico (LSSICE), BOE N.\u00ba 166, as\u00ed como informar a todos los usuarios del sitio web respecto a cu\u00e1les son las condiciones de uso. Toda persona que acceda a este sitio web asume el papel de usuario, comprometi\u00e9ndose a la observancia y cumplimiento riguroso de las disposiciones aqu\u00ed dispuestas, as\u00ed como a [&hellip;]\" \/>\n<meta property=\"og:url\" content=\"https:\/\/globexsan.com\/ja\/aviso-legal\/\" \/>\n<meta property=\"og:site_name\" content=\"Globexsan\" \/>\n<meta property=\"article:modified_time\" content=\"2026-02-17T13:57:11+00:00\" \/>\n<meta name=\"twitter:card\" content=\"summary_large_image\" \/>\n<meta name=\"twitter:label1\" content=\"\u63a8\u5b9a\u8aad\u307f\u53d6\u308a\u6642\u9593\" \/>\n\t<meta name=\"twitter:data1\" content=\"6\u5206\" \/>\n<script type=\"application\/ld+json\" class=\"yoast-schema-graph\">{\"@context\":\"https:\\\/\\\/schema.org\",\"@graph\":[{\"@type\":\"WebPage\",\"@id\":\"https:\\\/\\\/globexsan.com\\\/aviso-legal\\\/\",\"url\":\"https:\\\/\\\/globexsan.com\\\/aviso-legal\\\/\",\"name\":\"Aviso Legal - Globexsan\",\"isPartOf\":{\"@id\":\"https:\\\/\\\/globexsan.com\\\/#website\"},\"datePublished\":\"2025-12-18T15:48:32+00:00\",\"dateModified\":\"2026-02-17T13:57:11+00:00\",\"breadcrumb\":{\"@id\":\"https:\\\/\\\/globexsan.com\\\/aviso-legal\\\/#breadcrumb\"},\"inLanguage\":\"ja\",\"potentialAction\":[{\"@type\":\"ReadAction\",\"target\":[\"https:\\\/\\\/globexsan.com\\\/aviso-legal\\\/\"]}]},{\"@type\":\"BreadcrumbList\",\"@id\":\"https:\\\/\\\/globexsan.com\\\/aviso-legal\\\/#breadcrumb\",\"itemListElement\":[{\"@type\":\"ListItem\",\"position\":1,\"name\":\"Portada\",\"item\":\"https:\\\/\\\/globexsan.com\\\/\"},{\"@type\":\"ListItem\",\"position\":2,\"name\":\"Aviso Legal\"}]},{\"@type\":\"WebSite\",\"@id\":\"https:\\\/\\\/globexsan.com\\\/#website\",\"url\":\"https:\\\/\\\/globexsan.com\\\/\",\"name\":\"Globexsan\",\"description\":\"\",\"potentialAction\":[{\"@type\":\"SearchAction\",\"target\":{\"@type\":\"EntryPoint\",\"urlTemplate\":\"https:\\\/\\\/globexsan.com\\\/?s={search_term_string}\"},\"query-input\":{\"@type\":\"PropertyValueSpecification\",\"valueRequired\":true,\"valueName\":\"search_term_string\"}}],\"inLanguage\":\"ja\"}]}<\/script>\n<!-- \/ Yoast SEO plugin. -->","yoast_head_json":{"title":"Aviso Legal - Globexsan","robots":{"index":"noindex","follow":"follow"},"og_locale":"ja_JP","og_type":"article","og_title":"Aviso Legal - Globexsan","og_description":"Aviso Legal LEY DE LOS SERVICIOS DE LA SOCIEDAD DE LA INFORMACI\u00d3N (LSSI) , responsable del sitio web, en adelante RESPONSABLE, pone a disposici\u00f3n de los usuarios el presente documento, con el que pretende dar cumplimiento a las obligaciones dispuestas en la Ley 34\/2002, de 11 de julio, de Servicios de la Sociedad de la Informaci\u00f3n y de Comercio Electr\u00f3nico (LSSICE), BOE N.\u00ba 166, as\u00ed como informar a todos los usuarios del sitio web respecto a cu\u00e1les son las condiciones de uso. Toda persona que acceda a este sitio web asume el papel de usuario, comprometi\u00e9ndose a la observancia y cumplimiento riguroso de las disposiciones aqu\u00ed dispuestas, as\u00ed como a [&hellip;]","og_url":"https:\/\/globexsan.com\/ja\/aviso-legal\/","og_site_name":"Globexsan","article_modified_time":"2026-02-17T13:57:11+00:00","twitter_card":"summary_large_image","twitter_misc":{"\u63a8\u5b9a\u8aad\u307f\u53d6\u308a\u6642\u9593":"6\u5206"},"schema":{"@context":"https:\/\/schema.org","@graph":[{"@type":"WebPage","@id":"https:\/\/globexsan.com\/aviso-legal\/","url":"https:\/\/globexsan.com\/aviso-legal\/","name":"Aviso Legal - Globexsan","isPartOf":{"@id":"https:\/\/globexsan.com\/#website"},"datePublished":"2025-12-18T15:48:32+00:00","dateModified":"2026-02-17T13:57:11+00:00","breadcrumb":{"@id":"https:\/\/globexsan.com\/aviso-legal\/#breadcrumb"},"inLanguage":"ja","potentialAction":[{"@type":"ReadAction","target":["https:\/\/globexsan.com\/aviso-legal\/"]}]},{"@type":"BreadcrumbList","@id":"https:\/\/globexsan.com\/aviso-legal\/#breadcrumb","itemListElement":[{"@type":"ListItem","position":1,"name":"Portada","item":"https:\/\/globexsan.com\/"},{"@type":"ListItem","position":2,"name":"Aviso Legal"}]},{"@type":"WebSite","@id":"https:\/\/globexsan.com\/#website","url":"https:\/\/globexsan.com\/","name":"\u30b0\u30ed\u30fc\u30d9\u30c3\u30af\u30b9\u30b5\u30f3","description":"","potentialAction":[{"@type":"SearchAction","target":{"@type":"EntryPoint","urlTemplate":"https:\/\/globexsan.com\/?s={search_term_string}"},"query-input":{"@type":"PropertyValueSpecification","valueRequired":true,"valueName":"search_term_string"}}],"inLanguage":"ja"}]}},"_links":{"self":[{"href":"https:\/\/globexsan.com\/ja\/wp-json\/wp\/v2\/pages\/231","targetHints":{"allow":["GET"]}}],"collection":[{"href":"https:\/\/globexsan.com\/ja\/wp-json\/wp\/v2\/pages"}],"about":[{"href":"https:\/\/globexsan.com\/ja\/wp-json\/wp\/v2\/types\/page"}],"author":[{"embeddable":true,"href":"https:\/\/globexsan.com\/ja\/wp-json\/wp\/v2\/users\/1"}],"replies":[{"embeddable":true,"href":"https:\/\/globexsan.com\/ja\/wp-json\/wp\/v2\/comments?post=231"}],"version-history":[{"count":22,"href":"https:\/\/globexsan.com\/ja\/wp-json\/wp\/v2\/pages\/231\/revisions"}],"predecessor-version":[{"id":1690,"href":"https:\/\/globexsan.com\/ja\/wp-json\/wp\/v2\/pages\/231\/revisions\/1690"}],"wp:attachment":[{"href":"https:\/\/globexsan.com\/ja\/wp-json\/wp\/v2\/media?parent=231"}],"curies":[{"name":"wp","href":"https:\/\/api.w.org\/{rel}","templated":true}]}}