{"id":64,"date":"2025-12-18T11:25:45","date_gmt":"2025-12-18T11:25:45","guid":{"rendered":"https:\/\/globexsan.com\/?page_id=64"},"modified":"2026-03-25T12:03:52","modified_gmt":"2026-03-25T12:03:52","slug":"blog","status":"publish","type":"page","link":"https:\/\/globexsan.com\/en\/blog\/","title":{"rendered":"Blog"},"content":{"rendered":"\t\t<div data-elementor-type=\"wp-page\" data-elementor-id=\"64\" class=\"elementor elementor-64\" data-elementor-post-type=\"page\">\n\t\t\t\t<div class=\"elementor-element elementor-element-915a8ad e-flex e-con-boxed e-con e-parent\" data-id=\"915a8ad\" data-element_type=\"container\" data-e-type=\"container\">\n\t\t\t\t\t<div class=\"e-con-inner\">\n\t\t<div class=\"elementor-element elementor-element-7412d18 e-con-full e-flex e-con e-child\" data-id=\"7412d18\" data-element_type=\"container\" data-e-type=\"container\">\n\t\t\t\t<div class=\"elementor-element elementor-element-bb3abed elementor-posts__hover-none elementor-grid-2 elementor-grid-tablet-1 elementor-grid-mobile-1 elementor-posts--thumbnail-top elementor-card-shadow-yes elementor-widget elementor-widget-posts\" data-id=\"bb3abed\" data-element_type=\"widget\" data-e-type=\"widget\" data-settings=\"{&quot;cards_row_gap&quot;:{&quot;unit&quot;:&quot;rem&quot;,&quot;size&quot;:3,&quot;sizes&quot;:[]},&quot;cards_row_gap_tablet&quot;:{&quot;unit&quot;:&quot;rem&quot;,&quot;size&quot;:&quot;&quot;,&quot;sizes&quot;:[]},&quot;cards_row_gap_mobile&quot;:{&quot;unit&quot;:&quot;rem&quot;,&quot;size&quot;:1,&quot;sizes&quot;:[]},&quot;cards_columns&quot;:&quot;2&quot;,&quot;cards_columns_tablet&quot;:&quot;1&quot;,&quot;cards_columns_mobile&quot;:&quot;1&quot;}\" data-widget_type=\"posts.cards\">\n\t\t\t\t<div class=\"elementor-widget-container\">\n\t\t\t\t\t\t\t<div class=\"elementor-posts-container elementor-posts elementor-posts--skin-cards elementor-grid\" role=\"list\">\n\t\t\t\t<article class=\"elementor-post elementor-grid-item post-659 post type-post status-publish format-standard has-post-thumbnail hentry category-comercio-exterior category-sector-agroalimentario tag-comercio-exterior tag-sector-agroalimentario\" role=\"listitem\">\n\t\t\t<div class=\"elementor-post__card\">\n\t\t\t\t<a class=\"elementor-post__thumbnail__link\" href=\"https:\/\/globexsan.com\/en\/el-sector-agroalimentario-espanol-se-afianza-en-el-golfo-persico\/\" tabindex=\"-1\" ><div class=\"elementor-post__thumbnail\"><img fetchpriority=\"high\" decoding=\"async\" width=\"1500\" height=\"800\" src=\"https:\/\/globexsan.com\/wp-content\/uploads\/2025\/12\/El-sector-agroalimentario-espanol-se-afianza-en-el-Golfo-Persico.jpg\" class=\"attachment-full size-full wp-image-883\" alt=\"\" srcset=\"https:\/\/globexsan.com\/wp-content\/uploads\/2025\/12\/El-sector-agroalimentario-espanol-se-afianza-en-el-Golfo-Persico.jpg 1500w, https:\/\/globexsan.com\/wp-content\/uploads\/2025\/12\/El-sector-agroalimentario-espanol-se-afianza-en-el-Golfo-Persico-300x160.jpg 300w, https:\/\/globexsan.com\/wp-content\/uploads\/2025\/12\/El-sector-agroalimentario-espanol-se-afianza-en-el-Golfo-Persico-1024x546.jpg 1024w, https:\/\/globexsan.com\/wp-content\/uploads\/2025\/12\/El-sector-agroalimentario-espanol-se-afianza-en-el-Golfo-Persico-768x410.jpg 768w\" sizes=\"(max-width: 1500px) 100vw, 1500px\" \/><\/div><\/a>\n\t\t\t\t<div class=\"elementor-post__text\">\n\t\t\t\t<h3 class=\"elementor-post__title\">\n\t\t\t<a href=\"https:\/\/globexsan.com\/en\/el-sector-agroalimentario-espanol-se-afianza-en-el-golfo-persico\/\" >\n\t\t\t\tEl sector agroalimentario espa\u00f1ol se afianza en el Golfo P\u00e9rsico\t\t\t<\/a>\n\t\t<\/h3>\n\t\t\t\t<div class=\"elementor-post__excerpt\">\n\t\t\t<p>Gulfood se ha consolidado como plataforma estrat\u00e9gica para las empresas interesadas en expandir su actividad<\/p>\n\t\t<\/div>\n\t\t\n\t\t<a class=\"elementor-post__read-more\" href=\"https:\/\/globexsan.com\/en\/el-sector-agroalimentario-espanol-se-afianza-en-el-golfo-persico\/\" aria-label=\"Read more about El sector agroalimentario espa\u00f1ol se afianza en el Golfo P\u00e9rsico\" tabindex=\"-1\" >\n\t\t\tLeer m\u00e1s \u00bb\t\t<\/a>\n\n\t\t\t\t<\/div>\n\t\t\t\t\t<\/div>\n\t\t<\/article>\n\t\t\t\t<article class=\"elementor-post elementor-grid-item post-623 post type-post status-publish format-standard has-post-thumbnail hentry category-feria-internacional tag-feria-internacional\" role=\"listitem\">\n\t\t\t<div class=\"elementor-post__card\">\n\t\t\t\t<a class=\"elementor-post__thumbnail__link\" href=\"https:\/\/globexsan.com\/en\/sial-paris-la-gran-feria-internacional-de-la-alimentacion\/\" tabindex=\"-1\" ><div class=\"elementor-post__thumbnail\"><img decoding=\"async\" width=\"1500\" height=\"800\" src=\"https:\/\/globexsan.com\/wp-content\/uploads\/2025\/12\/SIAL-Paris-la-gran-feria-internacional.jpg\" class=\"attachment-full size-full wp-image-885\" alt=\"\" srcset=\"https:\/\/globexsan.com\/wp-content\/uploads\/2025\/12\/SIAL-Paris-la-gran-feria-internacional.jpg 1500w, https:\/\/globexsan.com\/wp-content\/uploads\/2025\/12\/SIAL-Paris-la-gran-feria-internacional-300x160.jpg 300w, https:\/\/globexsan.com\/wp-content\/uploads\/2025\/12\/SIAL-Paris-la-gran-feria-internacional-1024x546.jpg 1024w, https:\/\/globexsan.com\/wp-content\/uploads\/2025\/12\/SIAL-Paris-la-gran-feria-internacional-768x410.jpg 768w\" sizes=\"(max-width: 1500px) 100vw, 1500px\" \/><\/div><\/a>\n\t\t\t\t<div class=\"elementor-post__text\">\n\t\t\t\t<h3 class=\"elementor-post__title\">\n\t\t\t<a href=\"https:\/\/globexsan.com\/en\/sial-paris-la-gran-feria-internacional-de-la-alimentacion\/\" >\n\t\t\t\tSIAL Par\u00eds la gran feria internacional de la alimentaci\u00f3n\t\t\t<\/a>\n\t\t<\/h3>\n\t\t\t\t<div class=\"elementor-post__excerpt\">\n\t\t\t<p>En estos d\u00edas se celebra en Par\u00eds, Francia, una nueva edici\u00f3n de SIAL Par\u00eds, la<\/p>\n\t\t<\/div>\n\t\t\n\t\t<a class=\"elementor-post__read-more\" href=\"https:\/\/globexsan.com\/en\/sial-paris-la-gran-feria-internacional-de-la-alimentacion\/\" aria-label=\"Read more about SIAL Par\u00eds la gran feria internacional de la alimentaci\u00f3n\" tabindex=\"-1\" >\n\t\t\tLeer m\u00e1s \u00bb\t\t<\/a>\n\n\t\t\t\t<\/div>\n\t\t\t\t\t<\/div>\n\t\t<\/article>\n\t\t\t\t<article class=\"elementor-post elementor-grid-item post-547 post type-post status-publish format-standard has-post-thumbnail hentry category-feria-internacional tag-feria-internacional\" role=\"listitem\">\n\t\t\t<div class=\"elementor-post__card\">\n\t\t\t\t<a class=\"elementor-post__thumbnail__link\" href=\"https:\/\/globexsan.com\/en\/la-world-olive-oil-exhibition-reconocida-como-feria-internacional\/\" tabindex=\"-1\" ><div class=\"elementor-post__thumbnail\"><img decoding=\"async\" width=\"1500\" height=\"800\" src=\"https:\/\/globexsan.com\/wp-content\/uploads\/2025\/12\/La-World-Olive-Oil-Exhibition-reconocida-como-Feria.jpg\" class=\"attachment-full size-full wp-image-886\" alt=\"\" srcset=\"https:\/\/globexsan.com\/wp-content\/uploads\/2025\/12\/La-World-Olive-Oil-Exhibition-reconocida-como-Feria.jpg 1500w, https:\/\/globexsan.com\/wp-content\/uploads\/2025\/12\/La-World-Olive-Oil-Exhibition-reconocida-como-Feria-300x160.jpg 300w, https:\/\/globexsan.com\/wp-content\/uploads\/2025\/12\/La-World-Olive-Oil-Exhibition-reconocida-como-Feria-1024x546.jpg 1024w, https:\/\/globexsan.com\/wp-content\/uploads\/2025\/12\/La-World-Olive-Oil-Exhibition-reconocida-como-Feria-768x410.jpg 768w\" sizes=\"(max-width: 1500px) 100vw, 1500px\" \/><\/div><\/a>\n\t\t\t\t<div class=\"elementor-post__text\">\n\t\t\t\t<h3 class=\"elementor-post__title\">\n\t\t\t<a href=\"https:\/\/globexsan.com\/en\/la-world-olive-oil-exhibition-reconocida-como-feria-internacional\/\" >\n\t\t\t\tLa World Olive Oil Exhibition reconocida como Feria Internacional\t\t\t<\/a>\n\t\t<\/h3>\n\t\t\t\t<div class=\"elementor-post__excerpt\">\n\t\t\t<p>La World Olive Oil Exhibition acaba de ser avalada oficialmente como la gran feria internacional<\/p>\n\t\t<\/div>\n\t\t\n\t\t<a class=\"elementor-post__read-more\" href=\"https:\/\/globexsan.com\/en\/la-world-olive-oil-exhibition-reconocida-como-feria-internacional\/\" aria-label=\"Read more about La World Olive Oil Exhibition reconocida como Feria Internacional\" tabindex=\"-1\" >\n\t\t\tLeer m\u00e1s \u00bb\t\t<\/a>\n\n\t\t\t\t<\/div>\n\t\t\t\t\t<\/div>\n\t\t<\/article>\n\t\t\t\t<\/div>\n\t\t\n\t\t\t\t\t\t<\/div>\n\t\t\t\t<\/div>\n\t\t\t\t<\/div>\n\t\t<div class=\"elementor-element elementor-element-a6876b5 e-con-full e-flex e-con e-child\" data-id=\"a6876b5\" data-element_type=\"container\" data-e-type=\"container\" data-settings=\"{&quot;sticky&quot;:&quot;top&quot;,&quot;sticky_on&quot;:[&quot;desktop&quot;,&quot;tablet&quot;],&quot;sticky_offset&quot;:120,&quot;sticky_parent&quot;:&quot;yes&quot;,&quot;sticky_effects_offset&quot;:0,&quot;sticky_anchor_link_offset&quot;:0}\">\n\t\t\t\t<div class=\"elementor-element elementor-element-4ecdfe8 elementor-widget elementor-widget-wp-widget-categories\" data-id=\"4ecdfe8\" data-element_type=\"widget\" data-e-type=\"widget\" data-widget_type=\"wp-widget-categories.default\">\n\t\t\t\t<div class=\"elementor-widget-container\">\n\t\t\t\t\t<h5>Filtrado por Categor\u00eda<\/h5><form action=\"https:\/\/globexsan.com\/en\" method=\"get\"><label class=\"screen-reader-text\" for=\"cat\">Filtrado por Categor\u00eda<\/label><select  name='cat' id='cat' class='postform'>\n\t<option value='-1'>Select Category<\/option>\n\t<option class=\"level-0\" value=\"9\">Comercio Exterior<\/option>\n\t<option class=\"level-0\" value=\"8\">Feria Internacional<\/option>\n\t<option class=\"level-0\" value=\"7\">Sector Agroalimentario<\/option>\n<\/select>\n<\/form><script>\n( ( dropdownId ) => {\n\tconst dropdown = document.getElementById( dropdownId );\n\tfunction onSelectChange() {\n\t\tsetTimeout( () => {\n\t\t\tif ( 'escape' === dropdown.dataset.lastkey ) {\n\t\t\t\treturn;\n\t\t\t}\n\t\t\tif ( dropdown.value && parseInt( dropdown.value ) > 0 && dropdown instanceof HTMLSelectElement ) {\n\t\t\t\tdropdown.parentElement.submit();\n\t\t\t}\n\t\t}, 250 );\n\t}\n\tfunction onKeyUp( event ) {\n\t\tif ( 'Escape' === event.key ) {\n\t\t\tdropdown.dataset.lastkey = 'escape';\n\t\t} else {\n\t\t\tdelete dropdown.dataset.lastkey;\n\t\t}\n\t}\n\tfunction onClick() {\n\t\tdelete dropdown.dataset.lastkey;\n\t}\n\tdropdown.addEventListener( 'keyup', onKeyUp );\n\tdropdown.addEventListener( 'click', onClick );\n\tdropdown.addEventListener( 'change', onSelectChange );\n})( \"cat\" );\n\n\/\/# sourceURL=WP_Widget_Categories%3A%3Awidget\n<\/script>\n\t\t\t\t<\/div>\n\t\t\t\t<\/div>\n\t\t\t\t<div class=\"elementor-element elementor-element-07cd4a9 elementor-widget elementor-widget-wp-widget-archives\" data-id=\"07cd4a9\" data-element_type=\"widget\" data-e-type=\"widget\" data-widget_type=\"wp-widget-archives.default\">\n\t\t\t\t<div class=\"elementor-widget-container\">\n\t\t\t\t\t<h5>Filtrado por Fecha<\/h5>\t\t<label class=\"screen-reader-text\" for=\"archives-dropdown-REPLACE_TO_ID\">Filtrado por Fecha<\/label>\n\t\t<select id=\"archives-dropdown-REPLACE_TO_ID\" name=\"archive-dropdown\">\n\t\t\t\n\t\t\t<option value=\"\">Select Month<\/option>\n\t\t\t\t<option value='https:\/\/globexsan.com\/en\/2025\/12\/'> December 2025 &nbsp;(1)<\/option>\n\t<option value='https:\/\/globexsan.com\/en\/2025\/10\/'> October 2025 &nbsp;(1)<\/option>\n\t<option value='https:\/\/globexsan.com\/en\/2025\/05\/'> May 2025 &nbsp;(1)<\/option>\n\n\t\t<\/select>\n\n\t\t\t<script>\n( ( dropdownId ) => {\n\tconst dropdown = document.getElementById( dropdownId );\n\tfunction onSelectChange() {\n\t\tsetTimeout( () => {\n\t\t\tif ( 'escape' === dropdown.dataset.lastkey ) {\n\t\t\t\treturn;\n\t\t\t}\n\t\t\tif ( dropdown.value ) {\n\t\t\t\tdocument.location.href = dropdown.value;\n\t\t\t}\n\t\t}, 250 );\n\t}\n\tfunction onKeyUp( event ) {\n\t\tif ( 'Escape' === event.key ) {\n\t\t\tdropdown.dataset.lastkey = 'escape';\n\t\t} else {\n\t\t\tdelete dropdown.dataset.lastkey;\n\t\t}\n\t}\n\tfunction onClick() {\n\t\tdelete dropdown.dataset.lastkey;\n\t}\n\tdropdown.addEventListener( 'keyup', onKeyUp );\n\tdropdown.addEventListener( 'click', onClick );\n\tdropdown.addEventListener( 'change', onSelectChange );\n})( \"archives-dropdown-REPLACE_TO_ID\" );\n\n\/\/# sourceURL=WP_Widget_Archives%3A%3Awidget\n<\/script>\n\t\t\t\t<\/div>\n\t\t\t\t<\/div>\n\t\t\t\t<\/div>\n\t\t\t\t\t<\/div>\n\t\t\t\t<\/div>\n\t\t<div class=\"elementor-element elementor-element-43d738e e-flex e-con-boxed e-con e-parent\" data-id=\"43d738e\" data-element_type=\"container\" data-e-type=\"container\">\n\t\t\t\t\t<div class=\"e-con-inner\">\n\t\t<div class=\"elementor-element elementor-element-4ca412c e-con-full e-flex e-con e-child\" data-id=\"4ca412c\" data-element_type=\"container\" data-e-type=\"container\">\n\t\t\t\t<div class=\"elementor-element elementor-element-2988705 elementor-widget elementor-widget-heading\" data-id=\"2988705\" data-element_type=\"widget\" data-e-type=\"widget\" data-widget_type=\"heading.default\">\n\t\t\t\t\t<h3 class=\"elementor-heading-title elementor-size-default\">Enlaces de Inter\u00e9s<\/h3>\t\t\t\t<\/div>\n\t\t\t\t<\/div>\n\t\t\t\t\t<\/div>\n\t\t\t\t<\/div>\n\t\t<div class=\"elementor-element elementor-element-012224e e-flex e-con-boxed e-con e-parent\" data-id=\"012224e\" data-element_type=\"container\" data-e-type=\"container\">\n\t\t\t\t\t<div class=\"e-con-inner\">\n\t\t<div class=\"elementor-element elementor-element-976de1f e-con-full e-flex e-con e-child\" data-id=\"976de1f\" data-element_type=\"container\" data-e-type=\"container\" data-settings=\"{&quot;background_background&quot;:&quot;classic&quot;}\">\n\t\t\t\t<div class=\"elementor-element elementor-element-cea3edb elementor-widget elementor-widget-text-editor\" data-id=\"cea3edb\" data-element_type=\"widget\" data-e-type=\"widget\" data-widget_type=\"text-editor.default\">\n\t\t\t\t\t\t\t\t\t<p><strong>\u21d2 <a href=\"https:\/\/www.internationaloliveoil.org\">Consejo Ole\u00edcola Internacional<\/a><\/strong><\/p>\t\t\t\t\t\t\t\t<\/div>\n\t\t\t\t<\/div>\n\t\t\t\t\t<\/div>\n\t\t\t\t<\/div>\n\t\t<div class=\"elementor-element elementor-element-eb20d17 e-flex e-con-boxed e-con e-parent\" data-id=\"eb20d17\" data-element_type=\"container\" data-e-type=\"container\">\n\t\t\t\t\t<div class=\"e-con-inner\">\n\t\t<div class=\"elementor-element elementor-element-b776165 e-con-full e-flex e-con e-child\" data-id=\"b776165\" data-element_type=\"container\" data-e-type=\"container\">\n\t\t\t\t<div class=\"elementor-element elementor-element-3d70a63 elementor-widget elementor-widget-heading\" data-id=\"3d70a63\" data-element_type=\"widget\" data-e-type=\"widget\" data-widget_type=\"heading.default\">\n\t\t\t\t\t<h3 class=\"elementor-heading-title elementor-size-default\">Videos<\/h3>\t\t\t\t<\/div>\n\t\t\t\t<\/div>\n\t\t\t\t\t<\/div>\n\t\t\t\t<\/div>\n\t\t<div class=\"elementor-element elementor-element-34d9140 e-flex e-con-boxed e-con e-parent\" data-id=\"34d9140\" data-element_type=\"container\" data-e-type=\"container\">\n\t\t\t\t\t<div class=\"e-con-inner\">\n\t\t<div class=\"elementor-element elementor-element-dc82785 e-con-full e-flex e-con e-child\" data-id=\"dc82785\" data-element_type=\"container\" data-e-type=\"container\" data-settings=\"{&quot;background_background&quot;:&quot;classic&quot;}\">\n\t\t<div class=\"elementor-element elementor-element-eaef9a4 e-con-full e-flex e-con e-child\" data-id=\"eaef9a4\" data-element_type=\"container\" data-e-type=\"container\">\n\t\t<div class=\"elementor-element elementor-element-05757b5 e-con-full e-flex e-con e-child\" data-id=\"05757b5\" data-element_type=\"container\" data-e-type=\"container\">\n\t\t\t\t<div class=\"elementor-element elementor-element-fa35a9b elementor-widget elementor-widget-video\" data-id=\"fa35a9b\" data-element_type=\"widget\" data-e-type=\"widget\" data-settings=\"{&quot;video_type&quot;:&quot;hosted&quot;,&quot;controls&quot;:&quot;yes&quot;}\" data-widget_type=\"video.default\">\n\t\t\t\t\t\t\t<div class=\"e-hosted-video elementor-wrapper elementor-open-inline\">\n\t\t\t\t\t<video class=\"elementor-video\" src=\"https:\/\/globexsan.com\/wp-content\/uploads\/2026\/03\/Recogida-de-aceituna-1-1.mp4\" controls=\"\" preload=\"metadata\" controlsList=\"nodownload\"><\/video>\n\t\t\t\t<\/div>\n\t\t\t\t\t\t<\/div>\n\t\t\t\t<\/div>\n\t\t<div class=\"elementor-element elementor-element-ffe2911 e-con-full e-flex e-con e-child\" data-id=\"ffe2911\" data-element_type=\"container\" data-e-type=\"container\">\n\t\t\t\t<\/div>\n\t\t\t\t<\/div>\n\t\t\t\t<\/div>\n\t\t\t\t\t<\/div>\n\t\t\t\t<\/div>\n\t\t\t\t<\/div>\n\t\t","protected":false},"excerpt":{"rendered":"<p>Enlaces de Inter\u00e9s \u21d2 Consejo Ole\u00edcola Internacional Videos https:\/\/globexsan.com\/wp-content\/uploads\/2026\/03\/Recogida-de-aceituna-1-1.mp4<\/p>","protected":false},"author":1,"featured_media":333,"parent":0,"menu_order":0,"comment_status":"closed","ping_status":"closed","template":"","meta":{"_acf_changed":false,"footnotes":""},"class_list":["post-64","page","type-page","status-publish","has-post-thumbnail","hentry"],"acf":[],"yoast_head":"<!-- This site is optimized with the Yoast SEO plugin v27.4 - https:\/\/yoast.com\/product\/yoast-seo-wordpress\/ -->\n<title>Blog | Noticias y Tendencias Internacionales<\/title>\n<meta name=\"description\" content=\"Noticias y tendencias internacionales sobre comercio exterior, exportaci\u00f3n, mercados globales y sector agroalimentario.\" \/>\n<meta name=\"robots\" content=\"index, follow, max-snippet:-1, max-image-preview:large, max-video-preview:-1\" \/>\n<link rel=\"canonical\" href=\"https:\/\/globexsan.com\/en\/blog\/\" \/>\n<meta property=\"og:locale\" content=\"en_GB\" \/>\n<meta property=\"og:type\" content=\"article\" \/>\n<meta property=\"og:title\" content=\"Blog | Noticias y Tendencias Internacionales\" \/>\n<meta property=\"og:description\" content=\"Noticias y tendencias internacionales sobre comercio exterior, exportaci\u00f3n, mercados globales y sector agroalimentario.\" \/>\n<meta property=\"og:url\" content=\"https:\/\/globexsan.com\/en\/blog\/\" \/>\n<meta property=\"og:site_name\" content=\"Globexsan\" \/>\n<meta property=\"article:modified_time\" content=\"2026-03-25T12:03:52+00:00\" \/>\n<meta property=\"og:image\" content=\"https:\/\/globexsan.com\/wp-content\/uploads\/2025\/12\/Estrategia-Comercial.png\" \/>\n\t<meta property=\"og:image:width\" content=\"1536\" \/>\n\t<meta property=\"og:image:height\" content=\"1024\" \/>\n\t<meta property=\"og:image:type\" content=\"image\/png\" \/>\n<meta name=\"twitter:card\" content=\"summary_large_image\" \/>\n<meta name=\"twitter:label1\" content=\"Estimated reading time\" \/>\n\t<meta name=\"twitter:data1\" content=\"3 minutes\" \/>\n<script type=\"application\/ld+json\" class=\"yoast-schema-graph\">{\"@context\":\"https:\\\/\\\/schema.org\",\"@graph\":[{\"@type\":\"WebPage\",\"@id\":\"https:\\\/\\\/globexsan.com\\\/blog\\\/\",\"url\":\"https:\\\/\\\/globexsan.com\\\/blog\\\/\",\"name\":\"Blog | Noticias y Tendencias Internacionales\",\"isPartOf\":{\"@id\":\"https:\\\/\\\/globexsan.com\\\/#website\"},\"primaryImageOfPage\":{\"@id\":\"https:\\\/\\\/globexsan.com\\\/blog\\\/#primaryimage\"},\"image\":{\"@id\":\"https:\\\/\\\/globexsan.com\\\/blog\\\/#primaryimage\"},\"thumbnailUrl\":\"https:\\\/\\\/globexsan.com\\\/wp-content\\\/uploads\\\/2025\\\/12\\\/Estrategia-Comercial.png\",\"datePublished\":\"2025-12-18T11:25:45+00:00\",\"dateModified\":\"2026-03-25T12:03:52+00:00\",\"description\":\"Noticias y tendencias internacionales sobre comercio exterior, exportaci\u00f3n, mercados globales y sector agroalimentario.\",\"breadcrumb\":{\"@id\":\"https:\\\/\\\/globexsan.com\\\/blog\\\/#breadcrumb\"},\"inLanguage\":\"en-GB\",\"potentialAction\":[{\"@type\":\"ReadAction\",\"target\":[\"https:\\\/\\\/globexsan.com\\\/blog\\\/\"]}]},{\"@type\":\"ImageObject\",\"inLanguage\":\"en-GB\",\"@id\":\"https:\\\/\\\/globexsan.com\\\/blog\\\/#primaryimage\",\"url\":\"https:\\\/\\\/globexsan.com\\\/wp-content\\\/uploads\\\/2025\\\/12\\\/Estrategia-Comercial.png\",\"contentUrl\":\"https:\\\/\\\/globexsan.com\\\/wp-content\\\/uploads\\\/2025\\\/12\\\/Estrategia-Comercial.png\",\"width\":1536,\"height\":1024,\"caption\":\"Blog | Noticias y Tendencias Internacionales\"},{\"@type\":\"BreadcrumbList\",\"@id\":\"https:\\\/\\\/globexsan.com\\\/blog\\\/#breadcrumb\",\"itemListElement\":[{\"@type\":\"ListItem\",\"position\":1,\"name\":\"Portada\",\"item\":\"https:\\\/\\\/globexsan.com\\\/\"},{\"@type\":\"ListItem\",\"position\":2,\"name\":\"Blog\"}]},{\"@type\":\"WebSite\",\"@id\":\"https:\\\/\\\/globexsan.com\\\/#website\",\"url\":\"https:\\\/\\\/globexsan.com\\\/\",\"name\":\"Globexsan\",\"description\":\"\",\"potentialAction\":[{\"@type\":\"SearchAction\",\"target\":{\"@type\":\"EntryPoint\",\"urlTemplate\":\"https:\\\/\\\/globexsan.com\\\/?s={search_term_string}\"},\"query-input\":{\"@type\":\"PropertyValueSpecification\",\"valueRequired\":true,\"valueName\":\"search_term_string\"}}],\"inLanguage\":\"en-GB\"}]}<\/script>\n<!-- \/ Yoast SEO plugin. -->","yoast_head_json":{"title":"Blog | International News and Trends","description":"Noticias y tendencias internacionales sobre comercio exterior, exportaci\u00f3n, mercados globales y sector agroalimentario.","robots":{"index":"index","follow":"follow","max-snippet":"max-snippet:-1","max-image-preview":"max-image-preview:large","max-video-preview":"max-video-preview:-1"},"canonical":"https:\/\/globexsan.com\/en\/blog\/","og_locale":"en_GB","og_type":"article","og_title":"Blog | Noticias y Tendencias Internacionales","og_description":"Noticias y tendencias internacionales sobre comercio exterior, exportaci\u00f3n, mercados globales y sector agroalimentario.","og_url":"https:\/\/globexsan.com\/en\/blog\/","og_site_name":"Globexsan","article_modified_time":"2026-03-25T12:03:52+00:00","og_image":[{"width":1536,"height":1024,"url":"https:\/\/globexsan.com\/wp-content\/uploads\/2025\/12\/Estrategia-Comercial.png","type":"image\/png"}],"twitter_card":"summary_large_image","twitter_misc":{"Estimated reading time":"3 minutes"},"schema":{"@context":"https:\/\/schema.org","@graph":[{"@type":"WebPage","@id":"https:\/\/globexsan.com\/blog\/","url":"https:\/\/globexsan.com\/blog\/","name":"Blog | International News and Trends","isPartOf":{"@id":"https:\/\/globexsan.com\/#website"},"primaryImageOfPage":{"@id":"https:\/\/globexsan.com\/blog\/#primaryimage"},"image":{"@id":"https:\/\/globexsan.com\/blog\/#primaryimage"},"thumbnailUrl":"https:\/\/globexsan.com\/wp-content\/uploads\/2025\/12\/Estrategia-Comercial.png","datePublished":"2025-12-18T11:25:45+00:00","dateModified":"2026-03-25T12:03:52+00:00","description":"Noticias y tendencias internacionales sobre comercio exterior, exportaci\u00f3n, mercados globales y sector agroalimentario.","breadcrumb":{"@id":"https:\/\/globexsan.com\/blog\/#breadcrumb"},"inLanguage":"en-GB","potentialAction":[{"@type":"ReadAction","target":["https:\/\/globexsan.com\/blog\/"]}]},{"@type":"ImageObject","inLanguage":"en-GB","@id":"https:\/\/globexsan.com\/blog\/#primaryimage","url":"https:\/\/globexsan.com\/wp-content\/uploads\/2025\/12\/Estrategia-Comercial.png","contentUrl":"https:\/\/globexsan.com\/wp-content\/uploads\/2025\/12\/Estrategia-Comercial.png","width":1536,"height":1024,"caption":"Blog | Noticias y Tendencias Internacionales"},{"@type":"BreadcrumbList","@id":"https:\/\/globexsan.com\/blog\/#breadcrumb","itemListElement":[{"@type":"ListItem","position":1,"name":"Portada","item":"https:\/\/globexsan.com\/"},{"@type":"ListItem","position":2,"name":"Blog"}]},{"@type":"WebSite","@id":"https:\/\/globexsan.com\/#website","url":"https:\/\/globexsan.com\/","name":"Globexsan","description":"","potentialAction":[{"@type":"SearchAction","target":{"@type":"EntryPoint","urlTemplate":"https:\/\/globexsan.com\/?s={search_term_string}"},"query-input":{"@type":"PropertyValueSpecification","valueRequired":true,"valueName":"search_term_string"}}],"inLanguage":"en-GB"}]}},"_links":{"self":[{"href":"https:\/\/globexsan.com\/en\/wp-json\/wp\/v2\/pages\/64","targetHints":{"allow":["GET"]}}],"collection":[{"href":"https:\/\/globexsan.com\/en\/wp-json\/wp\/v2\/pages"}],"about":[{"href":"https:\/\/globexsan.com\/en\/wp-json\/wp\/v2\/types\/page"}],"author":[{"embeddable":true,"href":"https:\/\/globexsan.com\/en\/wp-json\/wp\/v2\/users\/1"}],"replies":[{"embeddable":true,"href":"https:\/\/globexsan.com\/en\/wp-json\/wp\/v2\/comments?post=64"}],"version-history":[{"count":190,"href":"https:\/\/globexsan.com\/en\/wp-json\/wp\/v2\/pages\/64\/revisions"}],"predecessor-version":[{"id":1953,"href":"https:\/\/globexsan.com\/en\/wp-json\/wp\/v2\/pages\/64\/revisions\/1953"}],"wp:featuredmedia":[{"embeddable":true,"href":"https:\/\/globexsan.com\/en\/wp-json\/wp\/v2\/media\/333"}],"wp:attachment":[{"href":"https:\/\/globexsan.com\/en\/wp-json\/wp\/v2\/media?parent=64"}],"curies":[{"name":"wp","href":"https:\/\/api.w.org\/{rel}","templated":true}]}}