{"id":236,"date":"2025-12-18T15:51:11","date_gmt":"2025-12-18T15:51:11","guid":{"rendered":"https:\/\/globexsan.com\/?page_id=236"},"modified":"2026-02-17T13:57:52","modified_gmt":"2026-02-17T13:57:52","slug":"politica-de-privacidad","status":"publish","type":"page","link":"https:\/\/globexsan.com\/en\/politica-de-privacidad\/","title":{"rendered":"Privacy Policy"},"content":{"rendered":"<div data-elementor-type=\"wp-page\" data-elementor-id=\"236\" class=\"elementor elementor-236\" data-elementor-post-type=\"page\">\n\t\t\t\t<div class=\"elementor-element elementor-element-ecab1ad e-flex e-con-boxed e-con e-parent\" data-id=\"ecab1ad\" data-element_type=\"container\" data-e-type=\"container\" data-settings=\"{&quot;background_background&quot;:&quot;classic&quot;}\">\n\t\t\t\t\t<div class=\"e-con-inner\">\n\t\t\t\t<div class=\"elementor-element elementor-element-c75246c elementor-widget elementor-widget-heading\" data-id=\"c75246c\" data-element_type=\"widget\" data-e-type=\"widget\" data-widget_type=\"heading.default\">\n\t\t\t\t\t<h1 class=\"elementor-heading-title elementor-size-default\">Privacy Policy<\/h1>\t\t\t\t<\/div>\n\t\t\t\t<div class=\"elementor-element elementor-element-0b024e0 elementor-widget elementor-widget-text-editor\" data-id=\"0b024e0\" data-element_type=\"widget\" data-e-type=\"widget\" data-widget_type=\"text-editor.default\">\n\t\t\t\t\t\t\t\t\t<p><strong>1. USER INFORMATION<\/strong><\/p><p><strong>Who is responsible for processing your personal data?<\/strong><\/p><p><strong> <\/strong>is the CONTROLLER of the user's personal data and informs you that this data will be processed in accordance with the provisions of Regulation (EU) 2016\/679, of 27 April (GDPR), and Organic Law 3\/2018, of 5 December (LOPDGDD).<\/p><p><strong>Why do we process your personal data?<\/strong><\/p><p>To maintain a business relationship with the user. The operations planned for processing are:<\/p><ul><li>Sending commercial advertising communications by email, fax, SMS, MMS, social networks, or any other electronic or physical means, present or future, that enables commercial communications. These communications will be made by the CONTROLLER and will be related to its products and services, or those of its collaborators or suppliers with whom it has reached a promotion agreement. In this case, third parties will never have access to personal data.<\/li><li>Conduct market research and statistical analysis.<\/li><li>Process orders, requests, respond to queries or any type of request made by the USER through any of the contact methods made available on the CONTROLLER's website.<\/li><li>Send out the online newsletter with news, offers, and promotions related to our business.<\/li><\/ul><p><strong>Why can we process your personal data?<\/strong><\/p><p>Because the processing is legitimized by Article 6 of the GDPR as follows:<\/p><ul><li>With the USER's consent: sending commercial communications and newsletters.<\/li><li>For the legitimate interest of the CONTROLLER: to conduct market research, statistical analysis, etc., and to process orders, requests, etc., at the request of the USER.<\/li><\/ul><p><strong>How long will we keep your personal data?<\/strong><\/p><p>They will be kept for no longer than is necessary to maintain the purpose of the processing or for as long as there are legal requirements governing their custody, and when they are no longer necessary for this purpose, they will be deleted using appropriate security measures to ensure the anonymization or complete destruction of the data.<\/p><p><strong>Who do we share your personal data with?<\/strong><\/p><p>No communication of personal data to third parties is planned, except, if necessary for the development and execution of the purposes of the processing, to our service providers related to communications, with whom the CONTROLLER has signed the confidentiality and data processor agreements required by current privacy regulations.<\/p><p><strong>What are your rights?<\/strong><\/p><p>The rights of the USER are:<\/p><ul><li>Right to withdraw consent at any time.<\/li><li class=\"translation-block\">Right of access, rectification, portability, and erasure of your data, and right to restrict or object to its processing.<\/li><li class=\"translation-block\">Right to lodge a complaint with the supervisory authority (www.aepd.es) if you consider that the processing does not comply with current regulations.<\/li><\/ul><p><strong>Contact details for exercising your rights:<\/strong><\/p><p>  Email: <\/p><p><strong>2. MANDATORY OR OPTIONAL NATURE OF THE INFORMATION PROVIDED BY THE USER<\/strong><\/p><p class=\"translation-block\">By checking the corresponding boxes and entering data in the fields marked with an asterisk (*) in the contact form or presented in download forms, USERS expressly, freely, and unequivocally accept that their data is necessary for the provider to respond to their request, with the inclusion of data in the remaining fields being voluntary. The USER guarantees that the personal data provided to the CONTROLLER is accurate and is responsible for communicating any changes thereto. <br> The CONTROLLER informs you that all data requested through the website is mandatory, as it is necessary for the provision of an optimal service to the USER. If all the data is not provided, it cannot be guaranteed that the information and services provided will be completely tailored to your needs.<\/p><p><strong>3. SECURITY MEASURES<\/strong><\/p><p>In accordance with the provisions of current regulations on personal data protection, the CONTROLLER is complying with all the provisions of the GDPR and LOPDGDD regulations for the processing of personal data under its responsibility, and manifestly with the principles described in Article 5 of the GDPR, whereby they are processed in a lawful, fair, and transparent manner in relation to the data subject and are adequate, relevant, and limited to what is necessary in relation to the purposes for which they are processed.<\/p><p>The CONTROLLER guarantees that it has implemented appropriate technical and organizational policies to apply the security measures established by the GDPR and the LOPDGDD in order to protect the rights and freedoms of USERS and has provided them with the appropriate information so that they can exercise them.<\/p><p>For more information on privacy guarantees, you can contact the DATA CONTROLLER via <\/p><p>In accordance with the provisions of current regulations on personal data protection, the CONTROLLER is complying with all the provisions of the GDPR and LOPDGDD regulations for the processing of personal data under its responsibility, and manifestly with the principles described in Article 5 of the GDPR, whereby they are processed in a lawful, fair, and transparent manner in relation to the data subject and are adequate, relevant, and limited to what is necessary in relation to the purposes for which they are processed.<\/p><p>For more information on privacy guarantees, you can contact the DATA CONTROLLER by e-mail: <\/p>\t\t\t\t\t\t\t\t<\/div>\n\t\t\t\t\t<\/div>\n\t\t\t\t<\/div>\n\t\t\t\t<\/div>","protected":false},"excerpt":{"rendered":"<p>Pol\u00edtica de Privacidad 1. INFORMACI\u00d3N AL USUARIO \u00bfQui\u00e9n es el responsable del tratamiento de tus datos personales? es el RESPONSABLE del tratamiento de los datos personales del USUARIO y le informa de que estos datos ser\u00e1n tratados de conformidad con lo dispuesto en el Reglamento (UE) 2016\/679, de 27 de abril (GDPR), y la Ley [&hellip;]<\/p>\n","protected":false},"author":1,"featured_media":0,"parent":0,"menu_order":0,"comment_status":"closed","ping_status":"closed","template":"","meta":{"_acf_changed":false,"footnotes":""},"class_list":["post-236","page","type-page","status-publish","hentry"],"acf":[],"yoast_head":"<!-- This site is optimized with the Yoast SEO plugin v27.4 - https:\/\/yoast.com\/product\/yoast-seo-wordpress\/ -->\n<title>Pol\u00edtica de Privacidad - Globexsan<\/title>\n<meta name=\"robots\" content=\"noindex, follow\" \/>\n<meta property=\"og:locale\" content=\"en_GB\" \/>\n<meta property=\"og:type\" content=\"article\" \/>\n<meta property=\"og:title\" content=\"Pol\u00edtica de Privacidad - Globexsan\" \/>\n<meta property=\"og:description\" content=\"Pol\u00edtica de Privacidad 1. INFORMACI\u00d3N AL USUARIO \u00bfQui\u00e9n es el responsable del tratamiento de tus datos personales? es el RESPONSABLE del tratamiento de los datos personales del USUARIO y le informa de que estos datos ser\u00e1n tratados de conformidad con lo dispuesto en el Reglamento (UE) 2016\/679, de 27 de abril (GDPR), y la Ley [&hellip;]\" \/>\n<meta property=\"og:url\" content=\"https:\/\/globexsan.com\/en\/politica-de-privacidad\/\" \/>\n<meta property=\"og:site_name\" content=\"Globexsan\" \/>\n<meta property=\"article:modified_time\" content=\"2026-02-17T13:57:52+00:00\" \/>\n<meta name=\"twitter:card\" content=\"summary_large_image\" \/>\n<meta name=\"twitter:label1\" content=\"Estimated reading time\" \/>\n\t<meta name=\"twitter:data1\" content=\"5 minutes\" \/>\n<script type=\"application\/ld+json\" class=\"yoast-schema-graph\">{\"@context\":\"https:\\\/\\\/schema.org\",\"@graph\":[{\"@type\":\"WebPage\",\"@id\":\"https:\\\/\\\/globexsan.com\\\/politica-de-privacidad\\\/\",\"url\":\"https:\\\/\\\/globexsan.com\\\/politica-de-privacidad\\\/\",\"name\":\"Pol\u00edtica de Privacidad - Globexsan\",\"isPartOf\":{\"@id\":\"https:\\\/\\\/globexsan.com\\\/#website\"},\"datePublished\":\"2025-12-18T15:51:11+00:00\",\"dateModified\":\"2026-02-17T13:57:52+00:00\",\"breadcrumb\":{\"@id\":\"https:\\\/\\\/globexsan.com\\\/politica-de-privacidad\\\/#breadcrumb\"},\"inLanguage\":\"en-GB\",\"potentialAction\":[{\"@type\":\"ReadAction\",\"target\":[\"https:\\\/\\\/globexsan.com\\\/politica-de-privacidad\\\/\"]}]},{\"@type\":\"BreadcrumbList\",\"@id\":\"https:\\\/\\\/globexsan.com\\\/politica-de-privacidad\\\/#breadcrumb\",\"itemListElement\":[{\"@type\":\"ListItem\",\"position\":1,\"name\":\"Portada\",\"item\":\"https:\\\/\\\/globexsan.com\\\/\"},{\"@type\":\"ListItem\",\"position\":2,\"name\":\"Pol\u00edtica de Privacidad\"}]},{\"@type\":\"WebSite\",\"@id\":\"https:\\\/\\\/globexsan.com\\\/#website\",\"url\":\"https:\\\/\\\/globexsan.com\\\/\",\"name\":\"Globexsan\",\"description\":\"\",\"potentialAction\":[{\"@type\":\"SearchAction\",\"target\":{\"@type\":\"EntryPoint\",\"urlTemplate\":\"https:\\\/\\\/globexsan.com\\\/?s={search_term_string}\"},\"query-input\":{\"@type\":\"PropertyValueSpecification\",\"valueRequired\":true,\"valueName\":\"search_term_string\"}}],\"inLanguage\":\"en-GB\"}]}<\/script>\n<!-- \/ Yoast SEO plugin. -->","yoast_head_json":{"title":"Privacy Policy - Globexsan","robots":{"index":"noindex","follow":"follow"},"og_locale":"en_GB","og_type":"article","og_title":"Pol\u00edtica de Privacidad - Globexsan","og_description":"Pol\u00edtica de Privacidad 1. INFORMACI\u00d3N AL USUARIO \u00bfQui\u00e9n es el responsable del tratamiento de tus datos personales? es el RESPONSABLE del tratamiento de los datos personales del USUARIO y le informa de que estos datos ser\u00e1n tratados de conformidad con lo dispuesto en el Reglamento (UE) 2016\/679, de 27 de abril (GDPR), y la Ley [&hellip;]","og_url":"https:\/\/globexsan.com\/en\/politica-de-privacidad\/","og_site_name":"Globexsan","article_modified_time":"2026-02-17T13:57:52+00:00","twitter_card":"summary_large_image","twitter_misc":{"Estimated reading time":"5 minutes"},"schema":{"@context":"https:\/\/schema.org","@graph":[{"@type":"WebPage","@id":"https:\/\/globexsan.com\/politica-de-privacidad\/","url":"https:\/\/globexsan.com\/politica-de-privacidad\/","name":"Privacy Policy - Globexsan","isPartOf":{"@id":"https:\/\/globexsan.com\/#website"},"datePublished":"2025-12-18T15:51:11+00:00","dateModified":"2026-02-17T13:57:52+00:00","breadcrumb":{"@id":"https:\/\/globexsan.com\/politica-de-privacidad\/#breadcrumb"},"inLanguage":"en-GB","potentialAction":[{"@type":"ReadAction","target":["https:\/\/globexsan.com\/politica-de-privacidad\/"]}]},{"@type":"BreadcrumbList","@id":"https:\/\/globexsan.com\/politica-de-privacidad\/#breadcrumb","itemListElement":[{"@type":"ListItem","position":1,"name":"Portada","item":"https:\/\/globexsan.com\/"},{"@type":"ListItem","position":2,"name":"Pol\u00edtica de Privacidad"}]},{"@type":"WebSite","@id":"https:\/\/globexsan.com\/#website","url":"https:\/\/globexsan.com\/","name":"Globexsan","description":"","potentialAction":[{"@type":"SearchAction","target":{"@type":"EntryPoint","urlTemplate":"https:\/\/globexsan.com\/?s={search_term_string}"},"query-input":{"@type":"PropertyValueSpecification","valueRequired":true,"valueName":"search_term_string"}}],"inLanguage":"en-GB"}]}},"_links":{"self":[{"href":"https:\/\/globexsan.com\/en\/wp-json\/wp\/v2\/pages\/236","targetHints":{"allow":["GET"]}}],"collection":[{"href":"https:\/\/globexsan.com\/en\/wp-json\/wp\/v2\/pages"}],"about":[{"href":"https:\/\/globexsan.com\/en\/wp-json\/wp\/v2\/types\/page"}],"author":[{"embeddable":true,"href":"https:\/\/globexsan.com\/en\/wp-json\/wp\/v2\/users\/1"}],"replies":[{"embeddable":true,"href":"https:\/\/globexsan.com\/en\/wp-json\/wp\/v2\/comments?post=236"}],"version-history":[{"count":23,"href":"https:\/\/globexsan.com\/en\/wp-json\/wp\/v2\/pages\/236\/revisions"}],"predecessor-version":[{"id":1693,"href":"https:\/\/globexsan.com\/en\/wp-json\/wp\/v2\/pages\/236\/revisions\/1693"}],"wp:attachment":[{"href":"https:\/\/globexsan.com\/en\/wp-json\/wp\/v2\/media?parent=236"}],"curies":[{"name":"wp","href":"https:\/\/api.w.org\/{rel}","templated":true}]}}